{"id":9078,"date":"2025-02-26T12:49:57","date_gmt":"2025-02-26T11:49:57","guid":{"rendered":"https:\/\/www.sansilvania.com\/?page_id=9078"},"modified":"2025-02-27T18:15:36","modified_gmt":"2025-02-27T17:15:36","slug":"produccion-tecnica","status":"publish","type":"page","link":"https:\/\/sansilvania.com\/en\/produccion-tecnica\/","title":{"rendered":"Technical Production"},"content":{"rendered":"\t\t<div data-elementor-type=\"wp-page\" data-elementor-id=\"9078\" class=\"elementor elementor-9078\" data-elementor-post-type=\"page\">\n\t\t\t\t<div class=\"elementor-element elementor-element-1098666 e-con-full e-flex e-con e-parent\" data-id=\"1098666\" data-element_type=\"container\" data-e-type=\"container\">\n\t\t<div class=\"elementor-element elementor-element-ea8d8e2 e-con-full e-flex e-con e-child\" data-id=\"ea8d8e2\" data-element_type=\"container\" data-e-type=\"container\" data-settings=\"{&quot;background_background&quot;:&quot;classic&quot;}\">\n\t\t\t\t<div class=\"elementor-element elementor-element-53ea81b elementor-widget__width-initial elementor-widget elementor-widget-heading\" data-id=\"53ea81b\" data-element_type=\"widget\" data-e-type=\"widget\" data-widget_type=\"heading.default\">\n\t\t\t\t<div class=\"elementor-widget-container\">\n\t\t\t\t\t<h2 class=\"elementor-heading-title elementor-size-default\">producci\u00f3n t\u00e9cnica<\/h2>\t\t\t\t<\/div>\n\t\t\t\t<\/div>\n\t\t\t\t<div class=\"elementor-element elementor-element-a6823b2 elementor-widget elementor-widget-text-editor\" data-id=\"a6823b2\" data-element_type=\"widget\" data-e-type=\"widget\" data-widget_type=\"text-editor.default\">\n\t\t\t\t<div class=\"elementor-widget-container\">\n\t\t\t\t\t\t\t\t\t<p>Montajes de sonido e iluminaci\u00f3n para exteriores \/ Escenarios \/ Personal t\u00e9cnico<\/p>\t\t\t\t\t\t\t\t<\/div>\n\t\t\t\t<\/div>\n\t\t\t\t<\/div>\n\t\t\t\t<\/div>\n\t\t<div class=\"elementor-element elementor-element-5abba91 e-flex e-con-boxed e-con e-parent\" data-id=\"5abba91\" data-element_type=\"container\" data-e-type=\"container\">\n\t\t\t\t\t<div class=\"e-con-inner\">\n\t\t<div class=\"elementor-element elementor-element-d777a43 e-con-full e-flex e-con e-child\" data-id=\"d777a43\" data-element_type=\"container\" data-e-type=\"container\">\n\t\t\t\t<div class=\"elementor-element elementor-element-95a0d9f elementor-widget elementor-widget-image\" data-id=\"95a0d9f\" data-element_type=\"widget\" data-e-type=\"widget\" data-widget_type=\"image.default\">\n\t\t\t\t<div class=\"elementor-widget-container\">\n\t\t\t\t\t\t\t\t\t\t\t\t\t\t\t<img fetchpriority=\"high\" decoding=\"async\" width=\"622\" height=\"348\" src=\"https:\/\/sansilvania.com\/wp-content\/uploads\/2025\/02\/Captura-de-pantalla-2025-02-26-170928.png\" class=\"attachment-full size-full wp-image-9157\" alt=\"\" srcset=\"https:\/\/sansilvania.com\/wp-content\/uploads\/2025\/02\/Captura-de-pantalla-2025-02-26-170928.png 622w, https:\/\/sansilvania.com\/wp-content\/uploads\/2025\/02\/Captura-de-pantalla-2025-02-26-170928-300x168.png 300w, https:\/\/sansilvania.com\/wp-content\/uploads\/2025\/02\/Captura-de-pantalla-2025-02-26-170928-18x10.png 18w\" sizes=\"(max-width: 622px) 100vw, 622px\" \/>\t\t\t\t\t\t\t\t\t\t\t\t\t\t\t<\/div>\n\t\t\t\t<\/div>\n\t\t\t\t<\/div>\n\t\t\t\t\t<\/div>\n\t\t\t\t<\/div>\n\t\t<div class=\"elementor-element elementor-element-f8230ea e-grid e-con-boxed e-con e-parent\" data-id=\"f8230ea\" data-element_type=\"container\" data-e-type=\"container\">\n\t\t\t\t\t<div class=\"e-con-inner\">\n\t\t<div class=\"elementor-element elementor-element-00df816 e-con-full e-flex e-con e-child\" data-id=\"00df816\" data-element_type=\"container\" data-e-type=\"container\">\n\t\t\t\t<div class=\"elementor-element elementor-element-cdedf3c elementor-widget elementor-widget-heading\" data-id=\"cdedf3c\" data-element_type=\"widget\" data-e-type=\"widget\" data-widget_type=\"heading.default\">\n\t\t\t\t<div class=\"elementor-widget-container\">\n\t\t\t\t\t<h2 class=\"elementor-heading-title elementor-size-default\"><h2 data-elementor-setting-key=\"title\" data-pen-placeholder=\"Teclea aqu\u00ed...\" style=\"font-style: normal;text-align: center\"><\/h2><h2 data-elementor-setting-key=\"title\" data-pen-placeholder=\"Teclea aqu\u00ed...\" style=\"font-style: normal;text-align: center\">Rellena los campos y te haremos llegar un presupuesto a medida<span style=\"font-family: Poppins;font-size: 32px;font-weight: 600;text-align: var(--text-align)\"><\/span><\/h2><\/h2>\t\t\t\t<\/div>\n\t\t\t\t<\/div>\n\t\t\t\t<\/div>\n\t\t\t\t<div class=\"elementor-element elementor-element-8f68003 elementor-button-align-stretch elementor-widget elementor-widget-form\" data-id=\"8f68003\" data-element_type=\"widget\" data-e-type=\"widget\" data-settings=\"{&quot;step_next_label&quot;:&quot;Siguiente&quot;,&quot;step_previous_label&quot;:&quot;Anterior&quot;,&quot;button_width&quot;:&quot;100&quot;,&quot;step_type&quot;:&quot;number_text&quot;,&quot;step_icon_shape&quot;:&quot;circle&quot;}\" data-widget_type=\"form.default\">\n\t\t\t\t<div class=\"elementor-widget-container\">\n\t\t\t\t\t\t\t<form class=\"elementor-form\" method=\"post\" name=\"Nuevo formulario\" aria-label=\"Nuevo formulario\">\n\t\t\t<input type=\"hidden\" name=\"post_id\" value=\"9078\"\/>\n\t\t\t<input type=\"hidden\" name=\"form_id\" value=\"8f68003\"\/>\n\t\t\t<input type=\"hidden\" name=\"referer_title\" value=\"SanSilvania\" \/>\n\n\t\t\t\n\t\t\t<div class=\"elementor-form-fields-wrapper elementor-labels-above\">\n\t\t\t\t\t\t\t\t<div class=\"elementor-field-type-text elementor-field-group elementor-column elementor-field-group-name elementor-col-100 elementor-field-required\">\n\t\t\t\t\t\t\t\t\t\t\t\t<label for=\"form-field-name\" class=\"elementor-field-label\">\n\t\t\t\t\t\t\t\tNombre de la persona que solicita el presupuesto\t\t\t\t\t\t\t<\/label>\n\t\t\t\t\t\t\t\t\t\t\t\t\t\t<input size=\"1\" type=\"text\" name=\"form_fields[name]\" id=\"form-field-name\" class=\"elementor-field elementor-size-sm  elementor-field-textual\" placeholder=\"Ej: Pedro Garcia, o nombre de la Empresa\" required=\"required\">\n\t\t\t\t\t\t\t\t\t\t\t<\/div>\n\t\t\t\t\t\t\t\t<div class=\"elementor-field-type-email elementor-field-group elementor-column elementor-field-group-Ej elementor-col-100 elementor-field-required\">\n\t\t\t\t\t\t\t\t\t\t\t\t<label for=\"form-field-Ej\" class=\"elementor-field-label\">\n\t\t\t\t\t\t\t\tCorreo electr\u00f3nico\t\t\t\t\t\t\t<\/label>\n\t\t\t\t\t\t\t\t\t\t\t\t\t\t<input size=\"1\" type=\"email\" name=\"form_fields[Ej]\" id=\"form-field-Ej\" class=\"elementor-field elementor-size-sm  elementor-field-textual\" placeholder=\"Ej: info@sansilvania.com\" required=\"required\">\n\t\t\t\t\t\t\t\t\t\t\t<\/div>\n\t\t\t\t\t\t\t\t<div class=\"elementor-field-type-text elementor-field-group elementor-column elementor-field-group-field_1739f90 elementor-col-100 elementor-field-required\">\n\t\t\t\t\t\t\t\t\t\t\t\t<label for=\"form-field-field_1739f90\" class=\"elementor-field-label\">\n\t\t\t\t\t\t\t\tFecha del evento\t\t\t\t\t\t\t<\/label>\n\t\t\t\t\t\t\t\t\t\t\t\t\t\t<input size=\"1\" type=\"text\" name=\"form_fields[field_1739f90]\" id=\"form-field-field_1739f90\" class=\"elementor-field elementor-size-sm  elementor-field-textual\" placeholder=\"Ej: 26\/02\/2025\" required=\"required\">\n\t\t\t\t\t\t\t\t\t\t\t<\/div>\n\t\t\t\t\t\t\t\t<div class=\"elementor-field-type-text elementor-field-group elementor-column elementor-field-group-field_0fc3ffa elementor-col-100 elementor-field-required\">\n\t\t\t\t\t\t\t\t\t\t\t\t<label for=\"form-field-field_0fc3ffa\" class=\"elementor-field-label\">\n\t\t\t\t\t\t\t\tMedida del escenario\t\t\t\t\t\t\t<\/label>\n\t\t\t\t\t\t\t\t\t\t\t\t\t\t<input size=\"1\" type=\"text\" name=\"form_fields[field_0fc3ffa]\" id=\"form-field-field_0fc3ffa\" class=\"elementor-field elementor-size-sm  elementor-field-textual\" placeholder=\"Ej: 10x8 metros\" required=\"required\">\n\t\t\t\t\t\t\t\t\t\t\t<\/div>\n\t\t\t\t\t\t\t\t<div class=\"elementor-field-type-text elementor-field-group elementor-column elementor-field-group-field_d33c799 elementor-col-100 elementor-field-required\">\n\t\t\t\t\t\t\t\t\t\t\t\t<label for=\"form-field-field_d33c799\" class=\"elementor-field-label\">\n\t\t\t\t\t\t\t\tAforo aproximado\t\t\t\t\t\t\t<\/label>\n\t\t\t\t\t\t\t\t\t\t\t\t\t\t<input size=\"1\" type=\"text\" name=\"form_fields[field_d33c799]\" id=\"form-field-field_d33c799\" class=\"elementor-field elementor-size-sm  elementor-field-textual\" placeholder=\"Ej: 500 personas\" required=\"required\">\n\t\t\t\t\t\t\t\t\t\t\t<\/div>\n\t\t\t\t\t\t\t\t<div class=\"elementor-field-type-text elementor-field-group elementor-column elementor-field-group-field_1e83e38 elementor-col-100 elementor-field-required\">\n\t\t\t\t\t\t\t\t\t\t\t\t<label for=\"form-field-field_1e83e38\" class=\"elementor-field-label\">\n\t\t\t\t\t\t\t\tDuraci\u00f3n del evento\t\t\t\t\t\t\t<\/label>\n\t\t\t\t\t\t\t\t\t\t\t\t\t\t<input size=\"1\" type=\"text\" name=\"form_fields[field_1e83e38]\" id=\"form-field-field_1e83e38\" class=\"elementor-field elementor-size-sm  elementor-field-textual\" placeholder=\"Ej: 90 minutos\" required=\"required\">\n\t\t\t\t\t\t\t\t\t\t\t<\/div>\n\t\t\t\t\t\t\t\t<div class=\"elementor-field-type-text elementor-field-group elementor-column elementor-field-group-field_95da9ba elementor-col-100\">\n\t\t\t\t\t\t\t\t\t\t\t\t<label for=\"form-field-field_95da9ba\" class=\"elementor-field-label\">\n\t\t\t\t\t\t\t\tLocalizaci\u00f3n del evento\t\t\t\t\t\t\t<\/label>\n\t\t\t\t\t\t\t\t\t\t\t\t\t\t<input size=\"1\" type=\"text\" name=\"form_fields[field_95da9ba]\" id=\"form-field-field_95da9ba\" class=\"elementor-field elementor-size-sm  elementor-field-textual\" placeholder=\"Ej: Madrid\">\n\t\t\t\t\t\t\t\t\t\t\t<\/div>\n\t\t\t\t\t\t\t\t<div class=\"elementor-field-type-upload elementor-field-group elementor-column elementor-field-group-field_a8d44ac elementor-col-100\">\n\t\t\t\t\t\t\t\t\t\t\t\t<label for=\"form-field-field_a8d44ac\" class=\"elementor-field-label\">\n\t\t\t\t\t\t\t\tSubir Rider en PDF (dotaci\u00f3n t\u00e9cnica necesaria del artista)\t\t\t\t\t\t\t<\/label>\n\t\t\t\t\t\t\t\t<input type=\"file\" name=\"form_fields[field_a8d44ac]\" id=\"form-field-field_a8d44ac\" class=\"elementor-field elementor-size-sm  elementor-upload-field\">\n\n\t\t\t\t\t\t<\/div>\n\t\t\t\t\t\t\t\t<div class=\"elementor-field-type-textarea elementor-field-group elementor-column elementor-field-group-message elementor-col-100\">\n\t\t\t\t\t\t\t\t\t\t\t\t<label for=\"form-field-message\" class=\"elementor-field-label\">\n\t\t\t\t\t\t\t\tObservaciones\t\t\t\t\t\t\t<\/label>\n\t\t\t\t\t\t<textarea class=\"elementor-field-textual elementor-field  elementor-size-sm\" name=\"form_fields[message]\" id=\"form-field-message\" rows=\"4\" placeholder=\"Mensaje\"><\/textarea>\t\t\t\t<\/div>\n\t\t\t\t\t\t\t\t<div class=\"elementor-field-group elementor-column elementor-field-type-submit elementor-col-100 e-form__buttons\">\n\t\t\t\t\t<button class=\"elementor-button elementor-size-sm\" type=\"submit\">\n\t\t\t\t\t\t<span class=\"elementor-button-content-wrapper\">\n\t\t\t\t\t\t\t\t\t\t\t\t\t\t\t\t\t\t\t\t\t\t<span class=\"elementor-button-text\">Enviar<\/span>\n\t\t\t\t\t\t\t\t\t\t\t\t\t<\/span>\n\t\t\t\t\t<\/button>\n\t\t\t\t<\/div>\n\t\t\t<\/div>\n\t\t<\/form>\n\t\t\t\t\t\t<\/div>\n\t\t\t\t<\/div>\n\t\t\t\t\t<\/div>\n\t\t\t\t<\/div>\n\t\t<div class=\"elementor-element elementor-element-eef24db e-flex e-con-boxed e-con e-parent\" data-id=\"eef24db\" data-element_type=\"container\" data-e-type=\"container\">\n\t\t\t\t\t<div class=\"e-con-inner\">\n\t\t\t\t<div class=\"elementor-element elementor-element-59585d2 elementor-widget-divider--view-line elementor-widget elementor-widget-divider\" data-id=\"59585d2\" data-element_type=\"widget\" data-e-type=\"widget\" data-widget_type=\"divider.default\">\n\t\t\t\t<div class=\"elementor-widget-container\">\n\t\t\t\t\t\t\t<div class=\"elementor-divider\">\n\t\t\t<span class=\"elementor-divider-separator\">\n\t\t\t\t\t\t<\/span>\n\t\t<\/div>\n\t\t\t\t\t\t<\/div>\n\t\t\t\t<\/div>\n\t\t\t\t<div class=\"elementor-element elementor-element-17bf007 elementor-widget elementor-widget-text-editor\" data-id=\"17bf007\" data-element_type=\"widget\" data-e-type=\"widget\" data-widget_type=\"text-editor.default\">\n\t\t\t\t<div class=\"elementor-widget-container\">\n\t\t\t\t\t\t\t\t\t<p>O env\u00edanos un email a:\u00a0<a href=\"mailto:produccion@sansilvania.com\">produccion@sansilvania.com<\/a><\/p>\t\t\t\t\t\t\t\t<\/div>\n\t\t\t\t<\/div>\n\t\t\t\t\t<\/div>\n\t\t\t\t<\/div>\n\t\t\t\t<\/div>\n\t\t","protected":false},"excerpt":{"rendered":"<p>Technical Production: Sound and lighting setups for outdoor events \/ Stages \/ Technical staff. Fill in the fields and we&#039;ll send you a customized quote. Or email us at: produccion@sansilvania.com<\/p>","protected":false},"author":1,"featured_media":0,"parent":0,"menu_order":0,"comment_status":"closed","ping_status":"closed","template":"elementor_header_footer","meta":{"ocean_post_layout":"","ocean_both_sidebars_style":"","ocean_both_sidebars_content_width":0,"ocean_both_sidebars_sidebars_width":0,"ocean_sidebar":"0","ocean_second_sidebar":"0","ocean_disable_margins":"enable","ocean_add_body_class":"","ocean_shortcode_before_top_bar":"","ocean_shortcode_after_top_bar":"","ocean_shortcode_before_header":"","ocean_shortcode_after_header":"","ocean_has_shortcode":"","ocean_shortcode_after_title":"","ocean_shortcode_before_footer_widgets":"","ocean_shortcode_after_footer_widgets":"","ocean_shortcode_before_footer_bottom":"","ocean_shortcode_after_footer_bottom":"","ocean_display_top_bar":"default","ocean_display_header":"default","ocean_header_style":"","ocean_center_header_left_menu":"0","ocean_custom_header_template":"0","ocean_custom_logo":0,"ocean_custom_retina_logo":0,"ocean_custom_logo_max_width":0,"ocean_custom_logo_tablet_max_width":0,"ocean_custom_logo_mobile_max_width":0,"ocean_custom_logo_max_height":0,"ocean_custom_logo_tablet_max_height":0,"ocean_custom_logo_mobile_max_height":0,"ocean_header_custom_menu":"0","ocean_menu_typo_font_family":"0","ocean_menu_typo_font_subset":"","ocean_menu_typo_font_size":0,"ocean_menu_typo_font_size_tablet":0,"ocean_menu_typo_font_size_mobile":0,"ocean_menu_typo_font_size_unit":"px","ocean_menu_typo_font_weight":"","ocean_menu_typo_font_weight_tablet":"","ocean_menu_typo_font_weight_mobile":"","ocean_menu_typo_transform":"","ocean_menu_typo_transform_tablet":"","ocean_menu_typo_transform_mobile":"","ocean_menu_typo_line_height":0,"ocean_menu_typo_line_height_tablet":0,"ocean_menu_typo_line_height_mobile":0,"ocean_menu_typo_line_height_unit":"","ocean_menu_typo_spacing":0,"ocean_menu_typo_spacing_tablet":0,"ocean_menu_typo_spacing_mobile":0,"ocean_menu_typo_spacing_unit":"","ocean_menu_link_color":"","ocean_menu_link_color_hover":"","ocean_menu_link_color_active":"","ocean_menu_link_background":"","ocean_menu_link_hover_background":"","ocean_menu_link_active_background":"","ocean_menu_social_links_bg":"","ocean_menu_social_hover_links_bg":"","ocean_menu_social_links_color":"","ocean_menu_social_hover_links_color":"","ocean_disable_title":"default","ocean_disable_heading":"default","ocean_post_title":"","ocean_post_subheading":"","ocean_post_title_style":"","ocean_post_title_background_color":"","ocean_post_title_background":0,"ocean_post_title_bg_image_position":"","ocean_post_title_bg_image_attachment":"","ocean_post_title_bg_image_repeat":"","ocean_post_title_bg_image_size":"","ocean_post_title_height":0,"ocean_post_title_bg_overlay":0.5,"ocean_post_title_bg_overlay_color":"","ocean_disable_breadcrumbs":"default","ocean_breadcrumbs_color":"","ocean_breadcrumbs_separator_color":"","ocean_breadcrumbs_links_color":"","ocean_breadcrumbs_links_hover_color":"","ocean_display_footer_widgets":"default","ocean_display_footer_bottom":"default","ocean_custom_footer_template":"0","omw_enable_modal_window":"enable","footnotes":""},"class_list":["post-9078","page","type-page","status-publish","hentry","entry"],"yoast_head":"<!-- This site is optimized with the Yoast SEO plugin v27.4 - https:\/\/yoast.com\/product\/yoast-seo-wordpress\/ -->\n<title>Producci\u00f3n T\u00e9cnica - SanSilvania<\/title>\n<meta name=\"description\" content=\"Servicios de Sansilvania, agencia de producciones dedicada a la m\u00fasica en vivo, artes esc\u00e9nicas, calidad art\u00edstica y la gesti\u00f3n cultural.\" \/>\n<meta name=\"robots\" content=\"index, follow, max-snippet:-1, max-image-preview:large, max-video-preview:-1\" \/>\n<link rel=\"canonical\" href=\"https:\/\/sansilvania.com\/en\/produccion-tecnica\/\" \/>\n<meta property=\"og:locale\" content=\"en_GB\" \/>\n<meta property=\"og:type\" content=\"article\" \/>\n<meta property=\"og:title\" content=\"Producci\u00f3n T\u00e9cnica - SanSilvania\" \/>\n<meta property=\"og:description\" content=\"Servicios de Sansilvania, agencia de producciones dedicada a la m\u00fasica en vivo, artes esc\u00e9nicas, calidad art\u00edstica y la gesti\u00f3n cultural.\" \/>\n<meta property=\"og:url\" content=\"https:\/\/sansilvania.com\/en\/produccion-tecnica\/\" \/>\n<meta property=\"og:site_name\" content=\"SanSilvania\" \/>\n<meta property=\"article:modified_time\" content=\"2025-02-27T17:15:36+00:00\" \/>\n<meta property=\"og:image\" content=\"https:\/\/sansilvania.com\/wp-content\/uploads\/2025\/02\/Captura-de-pantalla-2025-02-26-170928.png\" \/>\n\t<meta property=\"og:image:width\" content=\"622\" \/>\n\t<meta property=\"og:image:height\" content=\"348\" \/>\n\t<meta property=\"og:image:type\" content=\"image\/png\" \/>\n<meta name=\"twitter:card\" content=\"summary_large_image\" \/>\n<meta name=\"twitter:label1\" content=\"Est. reading time\" \/>\n\t<meta name=\"twitter:data1\" content=\"1 minute\" \/>\n<script type=\"application\/ld+json\" class=\"yoast-schema-graph\">{\"@context\":\"https:\\\/\\\/schema.org\",\"@graph\":[{\"@type\":\"WebPage\",\"@id\":\"https:\\\/\\\/sansilvania.com\\\/produccion-tecnica\\\/\",\"url\":\"https:\\\/\\\/sansilvania.com\\\/produccion-tecnica\\\/\",\"name\":\"Producci\u00f3n T\u00e9cnica - SanSilvania\",\"isPartOf\":{\"@id\":\"https:\\\/\\\/sansilvania.com\\\/#website\"},\"primaryImageOfPage\":{\"@id\":\"https:\\\/\\\/sansilvania.com\\\/produccion-tecnica\\\/#primaryimage\"},\"image\":{\"@id\":\"https:\\\/\\\/sansilvania.com\\\/produccion-tecnica\\\/#primaryimage\"},\"thumbnailUrl\":\"https:\\\/\\\/sansilvania.com\\\/wp-content\\\/uploads\\\/2025\\\/02\\\/Captura-de-pantalla-2025-02-26-170928.png\",\"datePublished\":\"2025-02-26T11:49:57+00:00\",\"dateModified\":\"2025-02-27T17:15:36+00:00\",\"description\":\"Servicios de Sansilvania, agencia de producciones dedicada a la m\u00fasica en vivo, artes esc\u00e9nicas, calidad art\u00edstica y la gesti\u00f3n cultural.\",\"breadcrumb\":{\"@id\":\"https:\\\/\\\/sansilvania.com\\\/produccion-tecnica\\\/#breadcrumb\"},\"inLanguage\":\"en-GB\",\"potentialAction\":[{\"@type\":\"ReadAction\",\"target\":[\"https:\\\/\\\/sansilvania.com\\\/produccion-tecnica\\\/\"]}]},{\"@type\":\"ImageObject\",\"inLanguage\":\"en-GB\",\"@id\":\"https:\\\/\\\/sansilvania.com\\\/produccion-tecnica\\\/#primaryimage\",\"url\":\"https:\\\/\\\/sansilvania.com\\\/wp-content\\\/uploads\\\/2025\\\/02\\\/Captura-de-pantalla-2025-02-26-170928.png\",\"contentUrl\":\"https:\\\/\\\/sansilvania.com\\\/wp-content\\\/uploads\\\/2025\\\/02\\\/Captura-de-pantalla-2025-02-26-170928.png\"},{\"@type\":\"BreadcrumbList\",\"@id\":\"https:\\\/\\\/sansilvania.com\\\/produccion-tecnica\\\/#breadcrumb\",\"itemListElement\":[{\"@type\":\"ListItem\",\"position\":1,\"name\":\"Portada\",\"item\":\"https:\\\/\\\/sansilvania.com\\\/\"},{\"@type\":\"ListItem\",\"position\":2,\"name\":\"Producci\u00f3n T\u00e9cnica\"}]},{\"@type\":\"WebSite\",\"@id\":\"https:\\\/\\\/sansilvania.com\\\/#website\",\"url\":\"https:\\\/\\\/sansilvania.com\\\/\",\"name\":\"SanSilvania\",\"description\":\"Distrito Musical\",\"publisher\":{\"@id\":\"https:\\\/\\\/sansilvania.com\\\/#organization\"},\"potentialAction\":[{\"@type\":\"SearchAction\",\"target\":{\"@type\":\"EntryPoint\",\"urlTemplate\":\"https:\\\/\\\/sansilvania.com\\\/?s={search_term_string}\"},\"query-input\":{\"@type\":\"PropertyValueSpecification\",\"valueRequired\":true,\"valueName\":\"search_term_string\"}}],\"inLanguage\":\"en-GB\"},{\"@type\":\"Organization\",\"@id\":\"https:\\\/\\\/sansilvania.com\\\/#organization\",\"name\":\"SanSilvania\",\"url\":\"https:\\\/\\\/sansilvania.com\\\/\",\"logo\":{\"@type\":\"ImageObject\",\"inLanguage\":\"en-GB\",\"@id\":\"https:\\\/\\\/sansilvania.com\\\/#\\\/schema\\\/logo\\\/image\\\/\",\"url\":\"https:\\\/\\\/sansilvania.com\\\/wp-content\\\/uploads\\\/2023\\\/11\\\/sansilvania_350x122_negativo_G.png\",\"contentUrl\":\"https:\\\/\\\/sansilvania.com\\\/wp-content\\\/uploads\\\/2023\\\/11\\\/sansilvania_350x122_negativo_G.png\",\"width\":632,\"height\":194,\"caption\":\"SanSilvania\"},\"image\":{\"@id\":\"https:\\\/\\\/sansilvania.com\\\/#\\\/schema\\\/logo\\\/image\\\/\"}}]}<\/script>\n<!-- \/ Yoast SEO plugin. -->","yoast_head_json":{"title":"Technical Production - SanSilvania","description":"Sansilvania Services, a production agency dedicated to live music, performing arts, artistic quality, and cultural management.","robots":{"index":"index","follow":"follow","max-snippet":"max-snippet:-1","max-image-preview":"max-image-preview:large","max-video-preview":"max-video-preview:-1"},"canonical":"https:\/\/sansilvania.com\/en\/produccion-tecnica\/","og_locale":"en_GB","og_type":"article","og_title":"Producci\u00f3n T\u00e9cnica - SanSilvania","og_description":"Servicios de Sansilvania, agencia de producciones dedicada a la m\u00fasica en vivo, artes esc\u00e9nicas, calidad art\u00edstica y la gesti\u00f3n cultural.","og_url":"https:\/\/sansilvania.com\/en\/produccion-tecnica\/","og_site_name":"SanSilvania","article_modified_time":"2025-02-27T17:15:36+00:00","og_image":[{"width":622,"height":348,"url":"https:\/\/sansilvania.com\/wp-content\/uploads\/2025\/02\/Captura-de-pantalla-2025-02-26-170928.png","type":"image\/png"}],"twitter_card":"summary_large_image","twitter_misc":{"Est. reading time":"1 minute"},"schema":{"@context":"https:\/\/schema.org","@graph":[{"@type":"WebPage","@id":"https:\/\/sansilvania.com\/produccion-tecnica\/","url":"https:\/\/sansilvania.com\/produccion-tecnica\/","name":"Technical Production - SanSilvania","isPartOf":{"@id":"https:\/\/sansilvania.com\/#website"},"primaryImageOfPage":{"@id":"https:\/\/sansilvania.com\/produccion-tecnica\/#primaryimage"},"image":{"@id":"https:\/\/sansilvania.com\/produccion-tecnica\/#primaryimage"},"thumbnailUrl":"https:\/\/sansilvania.com\/wp-content\/uploads\/2025\/02\/Captura-de-pantalla-2025-02-26-170928.png","datePublished":"2025-02-26T11:49:57+00:00","dateModified":"2025-02-27T17:15:36+00:00","description":"Sansilvania Services, a production agency dedicated to live music, performing arts, artistic quality, and cultural management.","breadcrumb":{"@id":"https:\/\/sansilvania.com\/produccion-tecnica\/#breadcrumb"},"inLanguage":"en-GB","potentialAction":[{"@type":"ReadAction","target":["https:\/\/sansilvania.com\/produccion-tecnica\/"]}]},{"@type":"ImageObject","inLanguage":"en-GB","@id":"https:\/\/sansilvania.com\/produccion-tecnica\/#primaryimage","url":"https:\/\/sansilvania.com\/wp-content\/uploads\/2025\/02\/Captura-de-pantalla-2025-02-26-170928.png","contentUrl":"https:\/\/sansilvania.com\/wp-content\/uploads\/2025\/02\/Captura-de-pantalla-2025-02-26-170928.png"},{"@type":"BreadcrumbList","@id":"https:\/\/sansilvania.com\/produccion-tecnica\/#breadcrumb","itemListElement":[{"@type":"ListItem","position":1,"name":"Portada","item":"https:\/\/sansilvania.com\/"},{"@type":"ListItem","position":2,"name":"Producci\u00f3n T\u00e9cnica"}]},{"@type":"WebSite","@id":"https:\/\/sansilvania.com\/#website","url":"https:\/\/sansilvania.com\/","name":"SanSilvania","description":"Music District","publisher":{"@id":"https:\/\/sansilvania.com\/#organization"},"potentialAction":[{"@type":"SearchAction","target":{"@type":"EntryPoint","urlTemplate":"https:\/\/sansilvania.com\/?s={search_term_string}"},"query-input":{"@type":"PropertyValueSpecification","valueRequired":true,"valueName":"search_term_string"}}],"inLanguage":"en-GB"},{"@type":"Organization","@id":"https:\/\/sansilvania.com\/#organization","name":"SanSilvania","url":"https:\/\/sansilvania.com\/","logo":{"@type":"ImageObject","inLanguage":"en-GB","@id":"https:\/\/sansilvania.com\/#\/schema\/logo\/image\/","url":"https:\/\/sansilvania.com\/wp-content\/uploads\/2023\/11\/sansilvania_350x122_negativo_G.png","contentUrl":"https:\/\/sansilvania.com\/wp-content\/uploads\/2023\/11\/sansilvania_350x122_negativo_G.png","width":632,"height":194,"caption":"SanSilvania"},"image":{"@id":"https:\/\/sansilvania.com\/#\/schema\/logo\/image\/"}}]}},"_links":{"self":[{"href":"https:\/\/sansilvania.com\/en\/wp-json\/wp\/v2\/pages\/9078","targetHints":{"allow":["GET"]}}],"collection":[{"href":"https:\/\/sansilvania.com\/en\/wp-json\/wp\/v2\/pages"}],"about":[{"href":"https:\/\/sansilvania.com\/en\/wp-json\/wp\/v2\/types\/page"}],"author":[{"embeddable":true,"href":"https:\/\/sansilvania.com\/en\/wp-json\/wp\/v2\/users\/1"}],"replies":[{"embeddable":true,"href":"https:\/\/sansilvania.com\/en\/wp-json\/wp\/v2\/comments?post=9078"}],"version-history":[{"count":43,"href":"https:\/\/sansilvania.com\/en\/wp-json\/wp\/v2\/pages\/9078\/revisions"}],"predecessor-version":[{"id":9178,"href":"https:\/\/sansilvania.com\/en\/wp-json\/wp\/v2\/pages\/9078\/revisions\/9178"}],"wp:attachment":[{"href":"https:\/\/sansilvania.com\/en\/wp-json\/wp\/v2\/media?parent=9078"}],"curies":[{"name":"wp","href":"https:\/\/api.w.org\/{rel}","templated":true}]}}