{"id":9050,"date":"2025-02-26T12:35:23","date_gmt":"2025-02-26T11:35:23","guid":{"rendered":"https:\/\/www.sansilvania.com\/?page_id=9050"},"modified":"2025-02-26T14:07:04","modified_gmt":"2025-02-26T13:07:04","slug":"distribucion-booking","status":"publish","type":"page","link":"https:\/\/sansilvania.com\/en\/distribucion-booking\/","title":{"rendered":"Booking Distribution"},"content":{"rendered":"<div data-elementor-type=\"wp-page\" data-elementor-id=\"9050\" class=\"elementor elementor-9050\" data-elementor-post-type=\"page\">\n\t\t\t\t<div class=\"elementor-element elementor-element-1098666 e-con-full e-flex e-con e-parent\" data-id=\"1098666\" data-element_type=\"container\" data-e-type=\"container\">\n\t\t<div class=\"elementor-element elementor-element-ea8d8e2 e-con-full e-flex e-con e-child\" data-id=\"ea8d8e2\" data-element_type=\"container\" data-e-type=\"container\" data-settings=\"{&quot;background_background&quot;:&quot;classic&quot;}\">\n\t\t\t\t<div class=\"elementor-element elementor-element-53ea81b elementor-widget__width-initial elementor-widget elementor-widget-heading\" data-id=\"53ea81b\" data-element_type=\"widget\" data-e-type=\"widget\" data-widget_type=\"heading.default\">\n\t\t\t\t<div class=\"elementor-widget-container\">\n\t\t\t\t\t<h2 class=\"elementor-heading-title elementor-size-default\"><span style=\"font-size: 60px;font-style: normal;font-weight: 800;background-color: var( --e-global-color-0afd8e4 )\">Distribution  <\/span>booking<\/h2>\t\t\t\t<\/div>\n\t\t\t\t<\/div>\n\t\t\t\t<div class=\"elementor-element elementor-element-a6823b2 elementor-widget elementor-widget-text-editor\" data-id=\"a6823b2\" data-element_type=\"widget\" data-e-type=\"widget\" data-widget_type=\"text-editor.default\">\n\t\t\t\t<div class=\"elementor-widget-container\">\n\t\t\t\t\t\t\t\t\t<p>Public procurement specialists<\/p>\t\t\t\t\t\t\t\t<\/div>\n\t\t\t\t<\/div>\n\t\t\t\t<\/div>\n\t\t\t\t<\/div>\n\t\t<div class=\"elementor-element elementor-element-a09596a e-flex e-con-boxed e-con e-parent\" data-id=\"a09596a\" data-element_type=\"container\" data-e-type=\"container\">\n\t\t\t\t\t<div class=\"e-con-inner\">\n\t\t\t\t<div class=\"elementor-element elementor-element-ead9153 elementor-align-center elementor-widget__width-inherit elementor-icon-list--layout-traditional elementor-list-item-link-full_width elementor-widget elementor-widget-icon-list\" data-id=\"ead9153\" data-element_type=\"widget\" data-e-type=\"widget\" data-widget_type=\"icon-list.default\">\n\t\t\t\t<div class=\"elementor-widget-container\">\n\t\t\t\t\t\t\t<ul class=\"elementor-icon-list-items\">\n\t\t\t\t\t\t\t<li class=\"elementor-icon-list-item\">\n\t\t\t\t\t\t\t\t\t\t\t<span class=\"elementor-icon-list-icon\">\n\t\t\t\t\t\t\t<svg aria-hidden=\"true\" class=\"e-font-icon-svg e-far-circle\" viewbox=\"0 0 512 512\" xmlns=\"http:\/\/www.w3.org\/2000\/svg\"><path d=\"M256 8C119 8 8 119 8 256s111 248 248 248 248-111 248-248S393 8 256 8zm0 448c-110.5 0-200-89.5-200-200S145.5 56 256 56s200 89.5 200 200-89.5 200-200 200z\"><\/path><\/svg>\t\t\t\t\t\t<\/span>\n\t\t\t\t\t\t\t\t\t\t<span class=\"elementor-icon-list-text\">Distribution \/ Booking <\/span>\n\t\t\t\t\t\t\t\t\t<\/li>\n\t\t\t\t\t\t<\/ul>\n\t\t\t\t\t\t<\/div>\n\t\t\t\t<\/div>\n\t\t<div class=\"elementor-element elementor-element-dfa38ba e-grid e-con-boxed e-con e-child\" data-id=\"dfa38ba\" data-element_type=\"container\" data-e-type=\"container\">\n\t\t\t\t\t<div class=\"e-con-inner\">\n\t\t\t\t<div class=\"elementor-element elementor-element-497999d elementor-icon-list--layout-traditional elementor-list-item-link-full_width elementor-widget elementor-widget-icon-list\" data-id=\"497999d\" data-element_type=\"widget\" data-e-type=\"widget\" data-widget_type=\"icon-list.default\">\n\t\t\t\t<div class=\"elementor-widget-container\">\n\t\t\t\t\t\t\t<ul class=\"elementor-icon-list-items\">\n\t\t\t\t\t\t\t<li class=\"elementor-icon-list-item\">\n\t\t\t\t\t\t\t\t\t\t<span class=\"elementor-icon-list-text\">Contracting in the public sector <br>and private<\/span>\n\t\t\t\t\t\t\t\t\t<\/li>\n\t\t\t\t\t\t<\/ul>\n\t\t\t\t\t\t<\/div>\n\t\t\t\t<\/div>\n\t\t\t\t<div class=\"elementor-element elementor-element-6b59bde elementor-icon-list--layout-traditional elementor-list-item-link-full_width elementor-widget elementor-widget-icon-list\" data-id=\"6b59bde\" data-element_type=\"widget\" data-e-type=\"widget\" data-widget_type=\"icon-list.default\">\n\t\t\t\t<div class=\"elementor-widget-container\">\n\t\t\t\t\t\t\t<ul class=\"elementor-icon-list-items\">\n\t\t\t\t\t\t\t<li class=\"elementor-icon-list-item\">\n\t\t\t\t\t\t\t\t\t\t<span class=\"elementor-icon-list-text\">We design sales strategies <br>and distribution\u00a0<\/span>\n\t\t\t\t\t\t\t\t\t<\/li>\n\t\t\t\t\t\t<\/ul>\n\t\t\t\t\t\t<\/div>\n\t\t\t\t<\/div>\n\t\t\t\t<div class=\"elementor-element elementor-element-d9cca53 elementor-icon-list--layout-traditional elementor-list-item-link-full_width elementor-widget elementor-widget-icon-list\" data-id=\"d9cca53\" data-element_type=\"widget\" data-e-type=\"widget\" data-widget_type=\"icon-list.default\">\n\t\t\t\t<div class=\"elementor-widget-container\">\n\t\t\t\t\t\t\t<ul class=\"elementor-icon-list-items\">\n\t\t\t\t\t\t\t<li class=\"elementor-icon-list-item\">\n\t\t\t\t\t\t\t\t\t\t<span class=\"elementor-icon-list-text\">Positioning in networks, fairs <br>and festivals<\/span>\n\t\t\t\t\t\t\t\t\t<\/li>\n\t\t\t\t\t\t<\/ul>\n\t\t\t\t\t\t<\/div>\n\t\t\t\t<\/div>\n\t\t\t\t\t<\/div>\n\t\t\t\t<\/div>\n\t\t\t\t\t<\/div>\n\t\t\t\t<\/div>\n\t\t<div class=\"elementor-element elementor-element-91c1c9b e-flex e-con-boxed e-con e-parent\" data-id=\"91c1c9b\" data-element_type=\"container\" data-e-type=\"container\">\n\t\t\t\t\t<div class=\"e-con-inner\">\n\t\t\t\t<div class=\"elementor-element elementor-element-fe17c3a elementor-widget elementor-widget-text-editor\" data-id=\"fe17c3a\" data-element_type=\"widget\" data-e-type=\"widget\" data-widget_type=\"text-editor.default\">\n\t\t\t\t<div class=\"elementor-widget-container\">\n\t\t\t\t\t\t\t\t\t<p><b>SanSilvania Cultural District<\/b> is a production agency passionate about artistic excellence and cultural management. We specialize in <b>live music and performing arts<\/b>, with a comprehensive approach to connecting artists with their audiences and offering unique experiences.<\/p>\n<p>Some of our services include:<\/p>\n<p>\u2013 <b>Distribution of shows<\/b>: We are responsible for bringing shows and cultural events to various spaces, bringing artistic proposals to new audiences and creating links between creators and the public.<\/p>\n<p>To learn more about the artists and events we represent, visit our homepage. Here you can discover details about our upcoming shows and concerts, scheduled at various locations and dates.<\/p>\n<p><b>Immerse yourself in the vibrant cultural world that San Silvania has to offer!<\/b><\/p>\n<div>&nbsp;<\/div>\t\t\t\t\t\t\t\t<\/div>\n\t\t\t\t<\/div>\n\t\t\t\t\t<\/div>\n\t\t\t\t<\/div>\n\t\t<div class=\"elementor-element elementor-element-ea0bf3b e-flex e-con-boxed e-con e-parent\" data-id=\"ea0bf3b\" data-element_type=\"container\" data-e-type=\"container\">\n\t\t\t\t\t<div class=\"e-con-inner\">\n\t\t<div class=\"elementor-element elementor-element-0020653 e-con-full e-flex e-con e-child\" data-id=\"0020653\" data-element_type=\"container\" data-e-type=\"container\">\n\t\t\t\t<div class=\"elementor-element elementor-element-95a7753 elementor-position-top elementor-widget elementor-widget-image-box\" data-id=\"95a7753\" data-element_type=\"widget\" data-e-type=\"widget\" data-widget_type=\"image-box.default\">\n\t\t\t\t<div class=\"elementor-widget-container\">\n\t\t\t\t\t<div class=\"elementor-image-box-wrapper\"><figure class=\"elementor-image-box-img\"><img fetchpriority=\"high\" decoding=\"async\" width=\"4144\" height=\"976\" src=\"https:\/\/sansilvania.com\/wp-content\/uploads\/2023\/12\/logotipoweb.png\" class=\"attachment-full size-full wp-image-3836\" alt=\"\" srcset=\"https:\/\/sansilvania.com\/wp-content\/uploads\/2023\/12\/logotipoweb.png 4144w, https:\/\/sansilvania.com\/wp-content\/uploads\/2023\/12\/logotipoweb-300x71.png 300w, https:\/\/sansilvania.com\/wp-content\/uploads\/2023\/12\/logotipoweb-1024x241.png 1024w, https:\/\/sansilvania.com\/wp-content\/uploads\/2023\/12\/logotipoweb-768x181.png 768w, https:\/\/sansilvania.com\/wp-content\/uploads\/2023\/12\/logotipoweb-1536x362.png 1536w, https:\/\/sansilvania.com\/wp-content\/uploads\/2023\/12\/logotipoweb-2048x482.png 2048w, https:\/\/sansilvania.com\/wp-content\/uploads\/2023\/12\/logotipoweb-18x4.png 18w\" sizes=\"(max-width: 4144px) 100vw, 4144px\" \/><\/figure><div class=\"elementor-image-box-content\"><h3 class=\"elementor-image-box-title\">We are part of ADGAE<\/h3><p class=\"elementor-image-box-description\">Association of performing arts distribution and management companies<\/p><\/div><\/div>\t\t\t\t<\/div>\n\t\t\t\t<\/div>\n\t\t\t\t<div class=\"elementor-element elementor-element-39aa953 elementor-widget elementor-widget-image\" data-id=\"39aa953\" data-element_type=\"widget\" data-e-type=\"widget\" data-widget_type=\"image.default\">\n\t\t\t\t<div class=\"elementor-widget-container\">\n\t\t\t\t\t\t\t\t\t\t\t\t\t\t\t\t<a href=\"https:\/\/www.adgae.org\" target=\"_blank\">\n\t\t\t\t\t\t\t<img decoding=\"async\" width=\"1024\" height=\"1019\" src=\"https:\/\/sansilvania.com\/wp-content\/uploads\/2023\/12\/Foto-ADGAE-Sandra-1024x1019.jpg\" class=\"attachment-large size-large wp-image-4090\" alt=\"\" srcset=\"https:\/\/sansilvania.com\/wp-content\/uploads\/2023\/12\/Foto-ADGAE-Sandra-1024x1019.jpg 1024w, https:\/\/sansilvania.com\/wp-content\/uploads\/2023\/12\/Foto-ADGAE-Sandra-300x298.jpg 300w, https:\/\/sansilvania.com\/wp-content\/uploads\/2023\/12\/Foto-ADGAE-Sandra-150x150.jpg 150w, https:\/\/sansilvania.com\/wp-content\/uploads\/2023\/12\/Foto-ADGAE-Sandra-768x764.jpg 768w, https:\/\/sansilvania.com\/wp-content\/uploads\/2023\/12\/Foto-ADGAE-Sandra-1536x1528.jpg 1536w, https:\/\/sansilvania.com\/wp-content\/uploads\/2023\/12\/Foto-ADGAE-Sandra-2048x2037.jpg 2048w, https:\/\/sansilvania.com\/wp-content\/uploads\/2023\/12\/Foto-ADGAE-Sandra-12x12.jpg 12w\" sizes=\"(max-width: 1024px) 100vw, 1024px\" \/>\t\t\t\t\t\t\t\t<\/a>\n\t\t\t\t\t\t\t\t\t\t\t\t\t\t\t<\/div>\n\t\t\t\t<\/div>\n\t\t\t\t<\/div>\n\t\t\t\t\t<\/div>\n\t\t\t\t<\/div>\n\t\t\t\t<\/div>","protected":false},"excerpt":{"rendered":"<p>Distribuci\u00f3n booking Especialistas en contrataci\u00f3n p\u00fablica Distribuci\u00f3n \/ Booking Contrataci\u00f3n en sector p\u00fablico y privado Dise\u00f1amos estrategias de venta y distribuci\u00f3n\u00a0 Posicionamiento en redes, ferias y festivales SanSilvania Distrito Cultural [&hellip;]<\/p>\n","protected":false},"author":1,"featured_media":0,"parent":0,"menu_order":0,"comment_status":"closed","ping_status":"closed","template":"elementor_header_footer","meta":{"ocean_post_layout":"","ocean_both_sidebars_style":"","ocean_both_sidebars_content_width":0,"ocean_both_sidebars_sidebars_width":0,"ocean_sidebar":"0","ocean_second_sidebar":"0","ocean_disable_margins":"enable","ocean_add_body_class":"","ocean_shortcode_before_top_bar":"","ocean_shortcode_after_top_bar":"","ocean_shortcode_before_header":"","ocean_shortcode_after_header":"","ocean_has_shortcode":"","ocean_shortcode_after_title":"","ocean_shortcode_before_footer_widgets":"","ocean_shortcode_after_footer_widgets":"","ocean_shortcode_before_footer_bottom":"","ocean_shortcode_after_footer_bottom":"","ocean_display_top_bar":"default","ocean_display_header":"default","ocean_header_style":"","ocean_center_header_left_menu":"0","ocean_custom_header_template":"0","ocean_custom_logo":0,"ocean_custom_retina_logo":0,"ocean_custom_logo_max_width":0,"ocean_custom_logo_tablet_max_width":0,"ocean_custom_logo_mobile_max_width":0,"ocean_custom_logo_max_height":0,"ocean_custom_logo_tablet_max_height":0,"ocean_custom_logo_mobile_max_height":0,"ocean_header_custom_menu":"0","ocean_menu_typo_font_family":"0","ocean_menu_typo_font_subset":"","ocean_menu_typo_font_size":0,"ocean_menu_typo_font_size_tablet":0,"ocean_menu_typo_font_size_mobile":0,"ocean_menu_typo_font_size_unit":"px","ocean_menu_typo_font_weight":"","ocean_menu_typo_font_weight_tablet":"","ocean_menu_typo_font_weight_mobile":"","ocean_menu_typo_transform":"","ocean_menu_typo_transform_tablet":"","ocean_menu_typo_transform_mobile":"","ocean_menu_typo_line_height":0,"ocean_menu_typo_line_height_tablet":0,"ocean_menu_typo_line_height_mobile":0,"ocean_menu_typo_line_height_unit":"","ocean_menu_typo_spacing":0,"ocean_menu_typo_spacing_tablet":0,"ocean_menu_typo_spacing_mobile":0,"ocean_menu_typo_spacing_unit":"","ocean_menu_link_color":"","ocean_menu_link_color_hover":"","ocean_menu_link_color_active":"","ocean_menu_link_background":"","ocean_menu_link_hover_background":"","ocean_menu_link_active_background":"","ocean_menu_social_links_bg":"","ocean_menu_social_hover_links_bg":"","ocean_menu_social_links_color":"","ocean_menu_social_hover_links_color":"","ocean_disable_title":"default","ocean_disable_heading":"default","ocean_post_title":"","ocean_post_subheading":"","ocean_post_title_style":"","ocean_post_title_background_color":"","ocean_post_title_background":0,"ocean_post_title_bg_image_position":"","ocean_post_title_bg_image_attachment":"","ocean_post_title_bg_image_repeat":"","ocean_post_title_bg_image_size":"","ocean_post_title_height":0,"ocean_post_title_bg_overlay":0.5,"ocean_post_title_bg_overlay_color":"","ocean_disable_breadcrumbs":"default","ocean_breadcrumbs_color":"","ocean_breadcrumbs_separator_color":"","ocean_breadcrumbs_links_color":"","ocean_breadcrumbs_links_hover_color":"","ocean_display_footer_widgets":"default","ocean_display_footer_bottom":"default","ocean_custom_footer_template":"0","omw_enable_modal_window":"enable","footnotes":""},"class_list":["post-9050","page","type-page","status-publish","hentry","entry"],"yoast_head":"<!-- This site is optimized with the Yoast SEO plugin v27.4 - https:\/\/yoast.com\/product\/yoast-seo-wordpress\/ -->\n<title>Distribuci\u00f3n Booking - SanSilvania<\/title>\n<meta name=\"description\" content=\"Servicios de Sansilvania, agencia de producciones dedicada a la m\u00fasica en vivo, artes esc\u00e9nicas, calidad art\u00edstica y la gesti\u00f3n cultural.\" \/>\n<meta name=\"robots\" content=\"index, follow, max-snippet:-1, max-image-preview:large, max-video-preview:-1\" \/>\n<link rel=\"canonical\" href=\"https:\/\/sansilvania.com\/en\/distribucion-booking\/\" \/>\n<meta property=\"og:locale\" content=\"en_GB\" \/>\n<meta property=\"og:type\" content=\"article\" \/>\n<meta property=\"og:title\" content=\"Distribuci\u00f3n Booking - SanSilvania\" \/>\n<meta property=\"og:description\" content=\"Servicios de Sansilvania, agencia de producciones dedicada a la m\u00fasica en vivo, artes esc\u00e9nicas, calidad art\u00edstica y la gesti\u00f3n cultural.\" \/>\n<meta property=\"og:url\" content=\"https:\/\/sansilvania.com\/en\/distribucion-booking\/\" \/>\n<meta property=\"og:site_name\" content=\"SanSilvania\" \/>\n<meta property=\"article:modified_time\" content=\"2025-02-26T13:07:04+00:00\" \/>\n<meta property=\"og:image\" content=\"https:\/\/sansilvania.com\/wp-content\/uploads\/2023\/12\/logotipoweb.png\" \/>\n\t<meta property=\"og:image:width\" content=\"4144\" \/>\n\t<meta property=\"og:image:height\" content=\"976\" \/>\n\t<meta property=\"og:image:type\" content=\"image\/png\" \/>\n<meta name=\"twitter:card\" content=\"summary_large_image\" \/>\n<meta name=\"twitter:label1\" content=\"Est. reading time\" \/>\n\t<meta name=\"twitter:data1\" content=\"2 minutes\" \/>\n<script type=\"application\/ld+json\" class=\"yoast-schema-graph\">{\"@context\":\"https:\\\/\\\/schema.org\",\"@graph\":[{\"@type\":\"WebPage\",\"@id\":\"https:\\\/\\\/sansilvania.com\\\/distribucion-booking\\\/\",\"url\":\"https:\\\/\\\/sansilvania.com\\\/distribucion-booking\\\/\",\"name\":\"Distribuci\u00f3n Booking - SanSilvania\",\"isPartOf\":{\"@id\":\"https:\\\/\\\/sansilvania.com\\\/#website\"},\"primaryImageOfPage\":{\"@id\":\"https:\\\/\\\/sansilvania.com\\\/distribucion-booking\\\/#primaryimage\"},\"image\":{\"@id\":\"https:\\\/\\\/sansilvania.com\\\/distribucion-booking\\\/#primaryimage\"},\"thumbnailUrl\":\"https:\\\/\\\/sansilvania.com\\\/wp-content\\\/uploads\\\/2023\\\/12\\\/logotipoweb.png\",\"datePublished\":\"2025-02-26T11:35:23+00:00\",\"dateModified\":\"2025-02-26T13:07:04+00:00\",\"description\":\"Servicios de Sansilvania, agencia de producciones dedicada a la m\u00fasica en vivo, artes esc\u00e9nicas, calidad art\u00edstica y la gesti\u00f3n cultural.\",\"breadcrumb\":{\"@id\":\"https:\\\/\\\/sansilvania.com\\\/distribucion-booking\\\/#breadcrumb\"},\"inLanguage\":\"en-GB\",\"potentialAction\":[{\"@type\":\"ReadAction\",\"target\":[\"https:\\\/\\\/sansilvania.com\\\/distribucion-booking\\\/\"]}]},{\"@type\":\"ImageObject\",\"inLanguage\":\"en-GB\",\"@id\":\"https:\\\/\\\/sansilvania.com\\\/distribucion-booking\\\/#primaryimage\",\"url\":\"https:\\\/\\\/sansilvania.com\\\/wp-content\\\/uploads\\\/2023\\\/12\\\/logotipoweb.png\",\"contentUrl\":\"https:\\\/\\\/sansilvania.com\\\/wp-content\\\/uploads\\\/2023\\\/12\\\/logotipoweb.png\"},{\"@type\":\"BreadcrumbList\",\"@id\":\"https:\\\/\\\/sansilvania.com\\\/distribucion-booking\\\/#breadcrumb\",\"itemListElement\":[{\"@type\":\"ListItem\",\"position\":1,\"name\":\"Portada\",\"item\":\"https:\\\/\\\/sansilvania.com\\\/\"},{\"@type\":\"ListItem\",\"position\":2,\"name\":\"Distribuci\u00f3n Booking\"}]},{\"@type\":\"WebSite\",\"@id\":\"https:\\\/\\\/sansilvania.com\\\/#website\",\"url\":\"https:\\\/\\\/sansilvania.com\\\/\",\"name\":\"SanSilvania\",\"description\":\"Distrito Musical\",\"publisher\":{\"@id\":\"https:\\\/\\\/sansilvania.com\\\/#organization\"},\"potentialAction\":[{\"@type\":\"SearchAction\",\"target\":{\"@type\":\"EntryPoint\",\"urlTemplate\":\"https:\\\/\\\/sansilvania.com\\\/?s={search_term_string}\"},\"query-input\":{\"@type\":\"PropertyValueSpecification\",\"valueRequired\":true,\"valueName\":\"search_term_string\"}}],\"inLanguage\":\"en-GB\"},{\"@type\":\"Organization\",\"@id\":\"https:\\\/\\\/sansilvania.com\\\/#organization\",\"name\":\"SanSilvania\",\"url\":\"https:\\\/\\\/sansilvania.com\\\/\",\"logo\":{\"@type\":\"ImageObject\",\"inLanguage\":\"en-GB\",\"@id\":\"https:\\\/\\\/sansilvania.com\\\/#\\\/schema\\\/logo\\\/image\\\/\",\"url\":\"https:\\\/\\\/sansilvania.com\\\/wp-content\\\/uploads\\\/2023\\\/11\\\/sansilvania_350x122_negativo_G.png\",\"contentUrl\":\"https:\\\/\\\/sansilvania.com\\\/wp-content\\\/uploads\\\/2023\\\/11\\\/sansilvania_350x122_negativo_G.png\",\"width\":632,\"height\":194,\"caption\":\"SanSilvania\"},\"image\":{\"@id\":\"https:\\\/\\\/sansilvania.com\\\/#\\\/schema\\\/logo\\\/image\\\/\"}}]}<\/script>\n<!-- \/ Yoast SEO plugin. -->","yoast_head_json":{"title":"Booking Distribution - SanSilvania","description":"Sansilvania Services, a production agency dedicated to live music, performing arts, artistic quality, and cultural management.","robots":{"index":"index","follow":"follow","max-snippet":"max-snippet:-1","max-image-preview":"max-image-preview:large","max-video-preview":"max-video-preview:-1"},"canonical":"https:\/\/sansilvania.com\/en\/distribucion-booking\/","og_locale":"en_GB","og_type":"article","og_title":"Distribuci\u00f3n Booking - SanSilvania","og_description":"Servicios de Sansilvania, agencia de producciones dedicada a la m\u00fasica en vivo, artes esc\u00e9nicas, calidad art\u00edstica y la gesti\u00f3n cultural.","og_url":"https:\/\/sansilvania.com\/en\/distribucion-booking\/","og_site_name":"SanSilvania","article_modified_time":"2025-02-26T13:07:04+00:00","og_image":[{"width":4144,"height":976,"url":"https:\/\/sansilvania.com\/wp-content\/uploads\/2023\/12\/logotipoweb.png","type":"image\/png"}],"twitter_card":"summary_large_image","twitter_misc":{"Est. reading time":"2 minutes"},"schema":{"@context":"https:\/\/schema.org","@graph":[{"@type":"WebPage","@id":"https:\/\/sansilvania.com\/distribucion-booking\/","url":"https:\/\/sansilvania.com\/distribucion-booking\/","name":"Booking Distribution - SanSilvania","isPartOf":{"@id":"https:\/\/sansilvania.com\/#website"},"primaryImageOfPage":{"@id":"https:\/\/sansilvania.com\/distribucion-booking\/#primaryimage"},"image":{"@id":"https:\/\/sansilvania.com\/distribucion-booking\/#primaryimage"},"thumbnailUrl":"https:\/\/sansilvania.com\/wp-content\/uploads\/2023\/12\/logotipoweb.png","datePublished":"2025-02-26T11:35:23+00:00","dateModified":"2025-02-26T13:07:04+00:00","description":"Sansilvania Services, a production agency dedicated to live music, performing arts, artistic quality, and cultural management.","breadcrumb":{"@id":"https:\/\/sansilvania.com\/distribucion-booking\/#breadcrumb"},"inLanguage":"en-GB","potentialAction":[{"@type":"ReadAction","target":["https:\/\/sansilvania.com\/distribucion-booking\/"]}]},{"@type":"ImageObject","inLanguage":"en-GB","@id":"https:\/\/sansilvania.com\/distribucion-booking\/#primaryimage","url":"https:\/\/sansilvania.com\/wp-content\/uploads\/2023\/12\/logotipoweb.png","contentUrl":"https:\/\/sansilvania.com\/wp-content\/uploads\/2023\/12\/logotipoweb.png"},{"@type":"BreadcrumbList","@id":"https:\/\/sansilvania.com\/distribucion-booking\/#breadcrumb","itemListElement":[{"@type":"ListItem","position":1,"name":"Portada","item":"https:\/\/sansilvania.com\/"},{"@type":"ListItem","position":2,"name":"Distribuci\u00f3n Booking"}]},{"@type":"WebSite","@id":"https:\/\/sansilvania.com\/#website","url":"https:\/\/sansilvania.com\/","name":"SanSilvania","description":"Music District","publisher":{"@id":"https:\/\/sansilvania.com\/#organization"},"potentialAction":[{"@type":"SearchAction","target":{"@type":"EntryPoint","urlTemplate":"https:\/\/sansilvania.com\/?s={search_term_string}"},"query-input":{"@type":"PropertyValueSpecification","valueRequired":true,"valueName":"search_term_string"}}],"inLanguage":"en-GB"},{"@type":"Organization","@id":"https:\/\/sansilvania.com\/#organization","name":"SanSilvania","url":"https:\/\/sansilvania.com\/","logo":{"@type":"ImageObject","inLanguage":"en-GB","@id":"https:\/\/sansilvania.com\/#\/schema\/logo\/image\/","url":"https:\/\/sansilvania.com\/wp-content\/uploads\/2023\/11\/sansilvania_350x122_negativo_G.png","contentUrl":"https:\/\/sansilvania.com\/wp-content\/uploads\/2023\/11\/sansilvania_350x122_negativo_G.png","width":632,"height":194,"caption":"SanSilvania"},"image":{"@id":"https:\/\/sansilvania.com\/#\/schema\/logo\/image\/"}}]}},"_links":{"self":[{"href":"https:\/\/sansilvania.com\/en\/wp-json\/wp\/v2\/pages\/9050","targetHints":{"allow":["GET"]}}],"collection":[{"href":"https:\/\/sansilvania.com\/en\/wp-json\/wp\/v2\/pages"}],"about":[{"href":"https:\/\/sansilvania.com\/en\/wp-json\/wp\/v2\/types\/page"}],"author":[{"embeddable":true,"href":"https:\/\/sansilvania.com\/en\/wp-json\/wp\/v2\/users\/1"}],"replies":[{"embeddable":true,"href":"https:\/\/sansilvania.com\/en\/wp-json\/wp\/v2\/comments?post=9050"}],"version-history":[{"count":17,"href":"https:\/\/sansilvania.com\/en\/wp-json\/wp\/v2\/pages\/9050\/revisions"}],"predecessor-version":[{"id":9135,"href":"https:\/\/sansilvania.com\/en\/wp-json\/wp\/v2\/pages\/9050\/revisions\/9135"}],"wp:attachment":[{"href":"https:\/\/sansilvania.com\/en\/wp-json\/wp\/v2\/media?parent=9050"}],"curies":[{"name":"wp","href":"https:\/\/api.w.org\/{rel}","templated":true}]}}