{"id":4490,"date":"2023-12-21T13:08:26","date_gmt":"2023-12-21T13:08:26","guid":{"rendered":"https:\/\/www.sansilvania.com\/?page_id=4490"},"modified":"2023-12-22T08:46:02","modified_gmt":"2023-12-22T08:46:02","slug":"politica-de-cookies-ue","status":"publish","type":"page","link":"https:\/\/sansilvania.com\/en\/politica-de-cookies-ue\/","title":{"rendered":"Cookies policy (EU)"},"content":{"rendered":"<div data-elementor-type=\"wp-page\" data-elementor-id=\"4490\" class=\"elementor elementor-4490\" data-elementor-post-type=\"page\">\n\t\t\t\t<div class=\"elementor-element elementor-element-2bbd79c e-con-full e-flex e-con e-parent\" data-id=\"2bbd79c\" data-element_type=\"container\" data-e-type=\"container\" data-settings=\"{&quot;background_background&quot;:&quot;slideshow&quot;,&quot;background_slideshow_gallery&quot;:[],&quot;background_slideshow_loop&quot;:&quot;yes&quot;,&quot;background_slideshow_slide_duration&quot;:5000,&quot;background_slideshow_slide_transition&quot;:&quot;fade&quot;,&quot;background_slideshow_transition_duration&quot;:500}\">\n\t\t<div class=\"elementor-element elementor-element-5829437 e-con-full e-flex e-con e-child\" data-id=\"5829437\" data-element_type=\"container\" data-e-type=\"container\" data-settings=\"{&quot;background_background&quot;:&quot;classic&quot;}\">\n\t\t\t\t<div class=\"elementor-element elementor-element-eda56d3 elementor-widget__width-inherit elementor-widget elementor-widget-heading\" data-id=\"eda56d3\" data-element_type=\"widget\" data-e-type=\"widget\" data-widget_type=\"heading.default\">\n\t\t\t\t<div class=\"elementor-widget-container\">\n\t\t\t\t\t<h2 class=\"elementor-heading-title elementor-size-default\">Politics of <\/h2>\t\t\t\t<\/div>\n\t\t\t\t<\/div>\n\t\t\t\t<div class=\"elementor-element elementor-element-acc31c3 elementor-widget__width-initial elementor-widget elementor-widget-heading\" data-id=\"acc31c3\" data-element_type=\"widget\" data-e-type=\"widget\" data-widget_type=\"heading.default\">\n\t\t\t\t<div class=\"elementor-widget-container\">\n\t\t\t\t\t<h2 class=\"elementor-heading-title elementor-size-default\">cookies<\/h2>\t\t\t\t<\/div>\n\t\t\t\t<\/div>\n\t\t\t\t<div class=\"elementor-element elementor-element-fc83d17 elementor-widget elementor-widget-text-editor\" data-id=\"fc83d17\" data-element_type=\"widget\" data-e-type=\"widget\" data-widget_type=\"text-editor.default\">\n\t\t\t\t<div class=\"elementor-widget-container\">\n\t\t\t\t\t\t\t\t\t<p>Legal documents<\/p>\t\t\t\t\t\t\t\t<\/div>\n\t\t\t\t<\/div>\n\t\t\t\t<\/div>\n\t\t\t\t<\/div>\n\t\t<div class=\"elementor-element elementor-element-82fec10 e-flex e-con-boxed e-con e-parent\" data-id=\"82fec10\" data-element_type=\"container\" data-e-type=\"container\">\n\t\t\t\t\t<div class=\"e-con-inner\">\n\t\t\t\t<div class=\"elementor-element elementor-element-c2417d4 elementor-widget elementor-widget-text-editor\" data-id=\"c2417d4\" data-element_type=\"widget\" data-e-type=\"widget\" data-widget_type=\"text-editor.default\">\n\t\t\t\t<div class=\"elementor-widget-container\">\n\t\t\t\t\t\t\t\t\t<div><p><i>This cookie policy was last updated on August 28, 2023 and applies to citizens and legal permanent residents of the European Economic Area and Switzerland.<\/i><\/p><h3>1. Introduction<\/h3><p>Our web, <a href=\"https:\/\/sansilvania.com\/en\/\">https:\/\/sansilvania.com\/<\/a> (hereinafter: &quot;the website&quot;) uses cookies and other related technologies (for convenience, all technologies are called &quot;cookies&quot;). Cookies are also placed by third parties we have contracted. In the following document we inform you about the use of cookies on our website.<\/p><h3>2. What are cookies?<\/h3><p>A cookie is a small file that is sent along with the pages of this website and that your browser stores on the hard drive of your computer or other device. Stored information may be returned to our servers or the appropriate third-party servers during a subsequent visit.<\/p><h3>3. What are scripts?<\/h3><p>A script is a fragment of program code that is used to make our website work correctly and interactively. This code runs on our server or on your device.<\/p><h3>4. Cookies<\/h3><p>4.1 Technical or functional cookies<\/p><\/div><div><p>Some cookies ensure that certain parts of the website work correctly and that your user preferences continue to be remembered. By placing functional cookies, we make it easier for you to visit our website. This way, you do not need to repeatedly enter the same information when you visit our website and, for example, items remain in your shopping basket until you have paid. We may place these cookies without your consent.<\/p><h4>4.2 Marketing\/tracking cookies<\/h4><p>Marketing\/tracking cookies are cookies, or any other form of local storage, used to create user profiles to display advertising or to track the user on this website or on various websites for similar marketing purposes.<\/p><h3>5. Cookies used<\/h3><div>\u00a0<\/div><h3>6. Consent<\/h3><p>When you visit our website for the first time, we will show you a pop-up window with an explanation about cookies. As soon as you click &quot;Save preferences&quot;, you agree to our use of the categories of cookies and plugins that you have selected in the pop-up window, as described in this cookie policy. You can disable the use of cookies through your browser, but please keep in mind that our website may stop working correctly.<\/p><h4>6.1 Manage your consent settings<\/h4><div><p><label tabindex=\"0\" for=\"cmplz-marketing-optin\">Marketing<\/label><\/p><div><details><summary>Functional\u00a0<input size=\"40\" type=\"checkbox\" value=\"1\" data-category=\"cmplz_functional\" \/>\u00a0<label tabindex=\"0\" for=\"cmplz-functional-optin\">Functional<\/label>Always active\u00a0<\/summary><div>\u00a0<\/div><\/details><details><summary>Marketing\u00a0<input size=\"40\" type=\"checkbox\" value=\"1\" data-category=\"cmplz_marketing\" \/><label tabindex=\"0\" for=\"cmplz-marketing-optin\">Marketing<\/label><\/summary><\/details><div>\u00a0<\/div><\/div><\/div><h3>7. Activation\/deactivation and deletion of cookies<\/h3><p>You can use your Internet browser to delete cookies automatically or manually. You can also specify that certain cookies cannot be placed. Another option is to change your Internet browser settings so that you receive a message each time a cookie is placed. For more information about these options, see the instructions in the &quot;Help&quot; section of your browser. Please note that our website may not function correctly if all cookies are disabled. If you delete cookies from your browser, they will be placed again after your consent when you visit our websites again.<\/p><h3>8. Your rights regarding personal data<\/h3><p>You have the following rights regarding your personal data:<\/p><ul><li>You have the right to know why your personal data is needed, what will happen to it and how long it will be kept.<\/li><li>Right of access: you have the right to access your personal data that we know.<\/li><li>Right to rectification: you have the right to complete, rectify, delete or block your personal data whenever you wish.<\/li><li>If you give us your consent to process your data, you have the right to revoke that consent and have your personal data deleted.<\/li><li>Right to transfer your data: you have the right to request all your personal data from the data controller and to transfer them in their entirety to another data controller.<\/li><li>Right to object: you can object to the processing of your data. We comply with this, unless there are justified grounds for the processing.<\/li><\/ul><p>To exercise these rights, please contact us. Please see contact details at the bottom of this cookie policy. If you have any complaints about how we handle your data, we would like you to let us know, but you also have the right to submit a complaint to the supervisory authority (the data protection authority).<\/p><h3>9. Contact details<\/h3><p>For questions and\/or comments about our cookie policy and this statement, please contact us using the following contact details: Sansilvania<span style=\"font-style: inherit; font-weight: inherit; color: var(--ast-global-color-3); background-color: var(--ast-global-color-5);\">\u00a0<\/span><span style=\"font-style: inherit; font-weight: inherit; background-color: var(--ast-global-color-5); color: var(--ast-global-color-3);\">Web: <a href=\"https:\/\/sansilvania.com\/en\/\">https:\/\/sansilvania.com\/<\/a><\/span><span style=\"font-style: inherit; font-weight: inherit; background-color: var(--ast-global-color-5); color: var(--ast-global-color-3);\"> Email: info@sansilvania.com. <\/span><span style=\"font-style: inherit; font-weight: inherit; background-color: var(--ast-global-color-5); color: var(--ast-global-color-3);\">Telephone number: 679713534 <\/span><\/p><\/div>\t\t\t\t\t\t\t\t<\/div>\n\t\t\t\t<\/div>\n\t\t\t\t\t<\/div>\n\t\t\t\t<\/div>\n\t\t\t\t<\/div>","protected":false},"excerpt":{"rendered":"<p>Pol\u00edtica de cookies Documentos legales Esta pol\u00edtica de cookies fue actualizada por \u00faltima vez el agosto 28, 2023 y se aplica a los ciudadanos y residentes legales permanentes del Espacio [&hellip;]<\/p>\n","protected":false},"author":1,"featured_media":0,"parent":0,"menu_order":0,"comment_status":"closed","ping_status":"closed","template":"elementor_header_footer","meta":{"ocean_post_layout":"","ocean_both_sidebars_style":"","ocean_both_sidebars_content_width":0,"ocean_both_sidebars_sidebars_width":0,"ocean_sidebar":"0","ocean_second_sidebar":"0","ocean_disable_margins":"enable","ocean_add_body_class":"","ocean_shortcode_before_top_bar":"","ocean_shortcode_after_top_bar":"","ocean_shortcode_before_header":"","ocean_shortcode_after_header":"","ocean_has_shortcode":"","ocean_shortcode_after_title":"","ocean_shortcode_before_footer_widgets":"","ocean_shortcode_after_footer_widgets":"","ocean_shortcode_before_footer_bottom":"","ocean_shortcode_after_footer_bottom":"","ocean_display_top_bar":"default","ocean_display_header":"default","ocean_header_style":"","ocean_center_header_left_menu":"0","ocean_custom_header_template":"0","ocean_custom_logo":0,"ocean_custom_retina_logo":0,"ocean_custom_logo_max_width":0,"ocean_custom_logo_tablet_max_width":0,"ocean_custom_logo_mobile_max_width":0,"ocean_custom_logo_max_height":0,"ocean_custom_logo_tablet_max_height":0,"ocean_custom_logo_mobile_max_height":0,"ocean_header_custom_menu":"0","ocean_menu_typo_font_family":"0","ocean_menu_typo_font_subset":"","ocean_menu_typo_font_size":0,"ocean_menu_typo_font_size_tablet":0,"ocean_menu_typo_font_size_mobile":0,"ocean_menu_typo_font_size_unit":"px","ocean_menu_typo_font_weight":"","ocean_menu_typo_font_weight_tablet":"","ocean_menu_typo_font_weight_mobile":"","ocean_menu_typo_transform":"","ocean_menu_typo_transform_tablet":"","ocean_menu_typo_transform_mobile":"","ocean_menu_typo_line_height":0,"ocean_menu_typo_line_height_tablet":0,"ocean_menu_typo_line_height_mobile":0,"ocean_menu_typo_line_height_unit":"","ocean_menu_typo_spacing":0,"ocean_menu_typo_spacing_tablet":0,"ocean_menu_typo_spacing_mobile":0,"ocean_menu_typo_spacing_unit":"","ocean_menu_link_color":"","ocean_menu_link_color_hover":"","ocean_menu_link_color_active":"","ocean_menu_link_background":"","ocean_menu_link_hover_background":"","ocean_menu_link_active_background":"","ocean_menu_social_links_bg":"","ocean_menu_social_hover_links_bg":"","ocean_menu_social_links_color":"","ocean_menu_social_hover_links_color":"","ocean_disable_title":"default","ocean_disable_heading":"default","ocean_post_title":"","ocean_post_subheading":"","ocean_post_title_style":"","ocean_post_title_background_color":"","ocean_post_title_background":0,"ocean_post_title_bg_image_position":"","ocean_post_title_bg_image_attachment":"","ocean_post_title_bg_image_repeat":"","ocean_post_title_bg_image_size":"","ocean_post_title_height":0,"ocean_post_title_bg_overlay":0.5,"ocean_post_title_bg_overlay_color":"","ocean_disable_breadcrumbs":"default","ocean_breadcrumbs_color":"","ocean_breadcrumbs_separator_color":"","ocean_breadcrumbs_links_color":"","ocean_breadcrumbs_links_hover_color":"","ocean_display_footer_widgets":"default","ocean_display_footer_bottom":"default","ocean_custom_footer_template":"0","omw_enable_modal_window":"enable","footnotes":""},"class_list":["post-4490","page","type-page","status-publish","hentry","entry"],"yoast_head":"<!-- This site is optimized with the Yoast SEO plugin v27.4 - https:\/\/yoast.com\/product\/yoast-seo-wordpress\/ -->\n<title>Pol\u00edtica de cookies (UE) - SanSilvania<\/title>\n<meta name=\"description\" content=\"Pol\u00edtica de cookies de Sansilvania, agencia de producciones de m\u00fasica en vivo, artes esc\u00e9nicas, calidad art\u00edstica y la gesti\u00f3n cultural.\" \/>\n<meta name=\"robots\" content=\"index, follow, max-snippet:-1, max-image-preview:large, max-video-preview:-1\" \/>\n<link rel=\"canonical\" href=\"https:\/\/sansilvania.com\/en\/politica-de-cookies-ue\/\" \/>\n<meta property=\"og:locale\" content=\"en_GB\" \/>\n<meta property=\"og:type\" content=\"article\" \/>\n<meta property=\"og:title\" content=\"Pol\u00edtica de cookies (UE) - SanSilvania\" \/>\n<meta property=\"og:description\" content=\"Pol\u00edtica de cookies de Sansilvania, agencia de producciones de m\u00fasica en vivo, artes esc\u00e9nicas, calidad art\u00edstica y la gesti\u00f3n cultural.\" \/>\n<meta property=\"og:url\" content=\"https:\/\/sansilvania.com\/en\/politica-de-cookies-ue\/\" \/>\n<meta property=\"og:site_name\" content=\"SanSilvania\" \/>\n<meta property=\"article:modified_time\" content=\"2023-12-22T08:46:02+00:00\" \/>\n<meta name=\"twitter:card\" content=\"summary_large_image\" \/>\n<meta name=\"twitter:label1\" content=\"Est. reading time\" \/>\n\t<meta name=\"twitter:data1\" content=\"4 minutes\" \/>\n<script type=\"application\/ld+json\" class=\"yoast-schema-graph\">{\"@context\":\"https:\\\/\\\/schema.org\",\"@graph\":[{\"@type\":\"WebPage\",\"@id\":\"https:\\\/\\\/sansilvania.com\\\/politica-de-cookies-ue\\\/\",\"url\":\"https:\\\/\\\/sansilvania.com\\\/politica-de-cookies-ue\\\/\",\"name\":\"Pol\u00edtica de cookies (UE) - SanSilvania\",\"isPartOf\":{\"@id\":\"https:\\\/\\\/sansilvania.com\\\/#website\"},\"datePublished\":\"2023-12-21T13:08:26+00:00\",\"dateModified\":\"2023-12-22T08:46:02+00:00\",\"description\":\"Pol\u00edtica de cookies de Sansilvania, agencia de producciones de m\u00fasica en vivo, artes esc\u00e9nicas, calidad art\u00edstica y la gesti\u00f3n cultural.\",\"breadcrumb\":{\"@id\":\"https:\\\/\\\/sansilvania.com\\\/politica-de-cookies-ue\\\/#breadcrumb\"},\"inLanguage\":\"en-GB\",\"potentialAction\":[{\"@type\":\"ReadAction\",\"target\":[\"https:\\\/\\\/sansilvania.com\\\/politica-de-cookies-ue\\\/\"]}]},{\"@type\":\"BreadcrumbList\",\"@id\":\"https:\\\/\\\/sansilvania.com\\\/politica-de-cookies-ue\\\/#breadcrumb\",\"itemListElement\":[{\"@type\":\"ListItem\",\"position\":1,\"name\":\"Portada\",\"item\":\"https:\\\/\\\/sansilvania.com\\\/\"},{\"@type\":\"ListItem\",\"position\":2,\"name\":\"Pol\u00edtica de cookies (UE)\"}]},{\"@type\":\"WebSite\",\"@id\":\"https:\\\/\\\/sansilvania.com\\\/#website\",\"url\":\"https:\\\/\\\/sansilvania.com\\\/\",\"name\":\"SanSilvania\",\"description\":\"Distrito Musical\",\"publisher\":{\"@id\":\"https:\\\/\\\/sansilvania.com\\\/#organization\"},\"potentialAction\":[{\"@type\":\"SearchAction\",\"target\":{\"@type\":\"EntryPoint\",\"urlTemplate\":\"https:\\\/\\\/sansilvania.com\\\/?s={search_term_string}\"},\"query-input\":{\"@type\":\"PropertyValueSpecification\",\"valueRequired\":true,\"valueName\":\"search_term_string\"}}],\"inLanguage\":\"en-GB\"},{\"@type\":\"Organization\",\"@id\":\"https:\\\/\\\/sansilvania.com\\\/#organization\",\"name\":\"SanSilvania\",\"url\":\"https:\\\/\\\/sansilvania.com\\\/\",\"logo\":{\"@type\":\"ImageObject\",\"inLanguage\":\"en-GB\",\"@id\":\"https:\\\/\\\/sansilvania.com\\\/#\\\/schema\\\/logo\\\/image\\\/\",\"url\":\"https:\\\/\\\/sansilvania.com\\\/wp-content\\\/uploads\\\/2023\\\/11\\\/sansilvania_350x122_negativo_G.png\",\"contentUrl\":\"https:\\\/\\\/sansilvania.com\\\/wp-content\\\/uploads\\\/2023\\\/11\\\/sansilvania_350x122_negativo_G.png\",\"width\":632,\"height\":194,\"caption\":\"SanSilvania\"},\"image\":{\"@id\":\"https:\\\/\\\/sansilvania.com\\\/#\\\/schema\\\/logo\\\/image\\\/\"}}]}<\/script>\n<!-- \/ Yoast SEO plugin. -->","yoast_head_json":{"title":"Cookies policy (EU) - SanSilvania","description":"Cookie policy of Sansilvania, a production agency for live music, performing arts, artistic quality, and cultural management.","robots":{"index":"index","follow":"follow","max-snippet":"max-snippet:-1","max-image-preview":"max-image-preview:large","max-video-preview":"max-video-preview:-1"},"canonical":"https:\/\/sansilvania.com\/en\/politica-de-cookies-ue\/","og_locale":"en_GB","og_type":"article","og_title":"Pol\u00edtica de cookies (UE) - SanSilvania","og_description":"Pol\u00edtica de cookies de Sansilvania, agencia de producciones de m\u00fasica en vivo, artes esc\u00e9nicas, calidad art\u00edstica y la gesti\u00f3n cultural.","og_url":"https:\/\/sansilvania.com\/en\/politica-de-cookies-ue\/","og_site_name":"SanSilvania","article_modified_time":"2023-12-22T08:46:02+00:00","twitter_card":"summary_large_image","twitter_misc":{"Est. reading time":"4 minutes"},"schema":{"@context":"https:\/\/schema.org","@graph":[{"@type":"WebPage","@id":"https:\/\/sansilvania.com\/politica-de-cookies-ue\/","url":"https:\/\/sansilvania.com\/politica-de-cookies-ue\/","name":"Cookies policy (EU) - SanSilvania","isPartOf":{"@id":"https:\/\/sansilvania.com\/#website"},"datePublished":"2023-12-21T13:08:26+00:00","dateModified":"2023-12-22T08:46:02+00:00","description":"Cookie policy of Sansilvania, a production agency for live music, performing arts, artistic quality, and cultural management.","breadcrumb":{"@id":"https:\/\/sansilvania.com\/politica-de-cookies-ue\/#breadcrumb"},"inLanguage":"en-GB","potentialAction":[{"@type":"ReadAction","target":["https:\/\/sansilvania.com\/politica-de-cookies-ue\/"]}]},{"@type":"BreadcrumbList","@id":"https:\/\/sansilvania.com\/politica-de-cookies-ue\/#breadcrumb","itemListElement":[{"@type":"ListItem","position":1,"name":"Portada","item":"https:\/\/sansilvania.com\/"},{"@type":"ListItem","position":2,"name":"Pol\u00edtica de cookies (UE)"}]},{"@type":"WebSite","@id":"https:\/\/sansilvania.com\/#website","url":"https:\/\/sansilvania.com\/","name":"SanSilvania","description":"Music District","publisher":{"@id":"https:\/\/sansilvania.com\/#organization"},"potentialAction":[{"@type":"SearchAction","target":{"@type":"EntryPoint","urlTemplate":"https:\/\/sansilvania.com\/?s={search_term_string}"},"query-input":{"@type":"PropertyValueSpecification","valueRequired":true,"valueName":"search_term_string"}}],"inLanguage":"en-GB"},{"@type":"Organization","@id":"https:\/\/sansilvania.com\/#organization","name":"SanSilvania","url":"https:\/\/sansilvania.com\/","logo":{"@type":"ImageObject","inLanguage":"en-GB","@id":"https:\/\/sansilvania.com\/#\/schema\/logo\/image\/","url":"https:\/\/sansilvania.com\/wp-content\/uploads\/2023\/11\/sansilvania_350x122_negativo_G.png","contentUrl":"https:\/\/sansilvania.com\/wp-content\/uploads\/2023\/11\/sansilvania_350x122_negativo_G.png","width":632,"height":194,"caption":"SanSilvania"},"image":{"@id":"https:\/\/sansilvania.com\/#\/schema\/logo\/image\/"}}]}},"_links":{"self":[{"href":"https:\/\/sansilvania.com\/en\/wp-json\/wp\/v2\/pages\/4490","targetHints":{"allow":["GET"]}}],"collection":[{"href":"https:\/\/sansilvania.com\/en\/wp-json\/wp\/v2\/pages"}],"about":[{"href":"https:\/\/sansilvania.com\/en\/wp-json\/wp\/v2\/types\/page"}],"author":[{"embeddable":true,"href":"https:\/\/sansilvania.com\/en\/wp-json\/wp\/v2\/users\/1"}],"replies":[{"embeddable":true,"href":"https:\/\/sansilvania.com\/en\/wp-json\/wp\/v2\/comments?post=4490"}],"version-history":[{"count":1,"href":"https:\/\/sansilvania.com\/en\/wp-json\/wp\/v2\/pages\/4490\/revisions"}],"predecessor-version":[{"id":5057,"href":"https:\/\/sansilvania.com\/en\/wp-json\/wp\/v2\/pages\/4490\/revisions\/5057"}],"wp:attachment":[{"href":"https:\/\/sansilvania.com\/en\/wp-json\/wp\/v2\/media?parent=4490"}],"curies":[{"name":"wp","href":"https:\/\/api.w.org\/{rel}","templated":true}]}}