{"id":4179,"date":"2023-12-20T08:02:34","date_gmt":"2023-12-20T08:02:34","guid":{"rendered":"https:\/\/www.quizzical-khorana.151-80-23-126.plesk.page\/?page_id=4179"},"modified":"2023-12-27T06:04:46","modified_gmt":"2023-12-27T06:04:46","slug":"mapa-web","status":"publish","type":"page","link":"https:\/\/sansilvania.com\/en\/mapa-web\/","title":{"rendered":"Web map"},"content":{"rendered":"<div data-elementor-type=\"wp-page\" data-elementor-id=\"4179\" class=\"elementor elementor-4179\" data-elementor-post-type=\"page\">\n\t\t\t\t<div class=\"elementor-element elementor-element-f51bbc5 e-con-full e-flex e-con e-parent\" data-id=\"f51bbc5\" data-element_type=\"container\" data-e-type=\"container\" data-settings=\"{&quot;background_background&quot;:&quot;slideshow&quot;,&quot;background_slideshow_gallery&quot;:[],&quot;background_slideshow_loop&quot;:&quot;yes&quot;,&quot;background_slideshow_slide_duration&quot;:5000,&quot;background_slideshow_slide_transition&quot;:&quot;fade&quot;,&quot;background_slideshow_transition_duration&quot;:500}\">\n\t\t<div class=\"elementor-element elementor-element-13fa2cf e-con-full e-flex e-con e-child\" data-id=\"13fa2cf\" data-element_type=\"container\" data-e-type=\"container\" data-settings=\"{&quot;background_background&quot;:&quot;classic&quot;}\">\n\t\t\t\t<div class=\"elementor-element elementor-element-4c1d535 elementor-widget__width-initial elementor-widget-mobile__width-initial elementor-widget elementor-widget-heading\" data-id=\"4c1d535\" data-element_type=\"widget\" data-e-type=\"widget\" data-widget_type=\"heading.default\">\n\t\t\t\t<div class=\"elementor-widget-container\">\n\t\t\t\t\t<h1 class=\"elementor-heading-title elementor-size-default\">Map<\/h1>\t\t\t\t<\/div>\n\t\t\t\t<\/div>\n\t\t\t\t<div class=\"elementor-element elementor-element-53bfb61 elementor-widget__width-initial elementor-widget elementor-widget-heading\" data-id=\"53bfb61\" data-element_type=\"widget\" data-e-type=\"widget\" data-widget_type=\"heading.default\">\n\t\t\t\t<div class=\"elementor-widget-container\">\n\t\t\t\t\t<h1 class=\"elementor-heading-title elementor-size-default\">Web<\/h1>\t\t\t\t<\/div>\n\t\t\t\t<\/div>\n\t\t\t\t<div class=\"elementor-element elementor-element-4c16a8a elementor-widget elementor-widget-text-editor\" data-id=\"4c16a8a\" data-element_type=\"widget\" data-e-type=\"widget\" data-widget_type=\"text-editor.default\">\n\t\t\t\t<div class=\"elementor-widget-container\">\n\t\t\t\t\t\t\t\t\t<p>Navigation links<\/p>\t\t\t\t\t\t\t\t<\/div>\n\t\t\t\t<\/div>\n\t\t\t\t<\/div>\n\t\t\t\t<\/div>\n\t\t<div class=\"elementor-element elementor-element-c086cee e-flex e-con-boxed e-con e-parent\" data-id=\"c086cee\" data-element_type=\"container\" data-e-type=\"container\">\n\t\t\t\t\t<div class=\"e-con-inner\">\n\t\t\t\t<div class=\"elementor-element elementor-element-f9483f5 elementor-widget__width-initial elementor-widget elementor-widget-sitemap\" data-id=\"f9483f5\" data-element_type=\"widget\" data-e-type=\"widget\" data-widget_type=\"sitemap.default\">\n\t\t\t\t<div class=\"elementor-widget-container\">\n\t\t\t\t\t<div class=\"elementor-sitemap-wrap\"><div class=\"elementor-sitemap-section\"><h2 class=\"elementor-sitemap-title elementor-sitemap-page-title\">pages<\/h2><ul class=\"elementor-sitemap-list elementor-sitemap-page-list\"><li class=\"elementor-sitemap-item elementor-sitemap-item-page page_item page-item-84 current_page_parent\"><a href=\"https:\/\/sansilvania.com\/en\/villanos\/\">Jazz Villains<\/a><\/li><li class=\"elementor-sitemap-item elementor-sitemap-item-page page_item page-item-9078\"><a href=\"https:\/\/sansilvania.com\/en\/produccion-tecnica\/\">Technical Production<\/a><\/li><li class=\"elementor-sitemap-item elementor-sitemap-item-page page_item page-item-9055\"><a href=\"https:\/\/sansilvania.com\/en\/produccion-eventos\/\">Event production<\/a><\/li><li class=\"elementor-sitemap-item elementor-sitemap-item-page page_item page-item-9050\"><a href=\"https:\/\/sansilvania.com\/en\/distribucion-booking\/\">Booking Distribution<\/a><\/li><li class=\"elementor-sitemap-item elementor-sitemap-item-page page_item page-item-6853\"><a href=\"https:\/\/sansilvania.com\/en\/solucion-de-error\/\">error solution<\/a><\/li><li class=\"elementor-sitemap-item elementor-sitemap-item-page page_item page-item-4496\"><a href=\"https:\/\/sansilvania.com\/en\/aviso-legal\/\">Legal warning<\/a><\/li><li class=\"elementor-sitemap-item elementor-sitemap-item-page page_item page-item-4494\"><a href=\"https:\/\/sansilvania.com\/en\/terminos-y-condiciones-ue\/\">Terms and conditions (EU)<\/a><\/li><li class=\"elementor-sitemap-item elementor-sitemap-item-page page_item page-item-4492\"><a href=\"https:\/\/sansilvania.com\/en\/politica-de-privacidad\/\">Privacy Policy<\/a><\/li><li class=\"elementor-sitemap-item elementor-sitemap-item-page page_item page-item-4490\"><a href=\"https:\/\/sansilvania.com\/en\/politica-de-cookies-ue\/\">Cookies policy (EU)<\/a><\/li><li class=\"elementor-sitemap-item elementor-sitemap-item-page page_item page-item-4179\"><a href=\"https:\/\/sansilvania.com\/en\/mapa-web\/\">Web map<\/a><\/li><li class=\"elementor-sitemap-item elementor-sitemap-item-page page_item page-item-1864\"><a href=\"https:\/\/sansilvania.com\/en\/servicios\/\">Services<\/a><\/li><li class=\"elementor-sitemap-item elementor-sitemap-item-page page_item page-item-171\"><a href=\"https:\/\/sansilvania.com\/en\/\">Start<\/a><\/li><li class=\"elementor-sitemap-item elementor-sitemap-item-page page_item page-item-116\"><a href=\"https:\/\/sansilvania.com\/en\/contacto\/\">Contact<\/a><\/li><\/ul><\/div><div class=\"elementor-sitemap-section\"><h2 class=\"elementor-sitemap-title elementor-sitemap-category-title\">Categories<\/h2><ul class=\"elementor-sitemap-list elementor-sitemap-category-list\">\t<li class=\"elementor-sitemap-item elementor-sitemap-item-category cat-item cat-item-18\"><a href=\"https:\/\/sansilvania.com\/en\/noticias\/\">News<\/a>\n<\/li>\n<\/ul><\/div><\/div>\t\t\t\t<\/div>\n\t\t\t\t<\/div>\n\t\t\t\t\t<\/div>\n\t\t\t\t<\/div>\n\t\t\t\t<\/div>","protected":false},"excerpt":{"rendered":"<p>Web map Navigation links<\/p>","protected":false},"author":1,"featured_media":0,"parent":0,"menu_order":0,"comment_status":"closed","ping_status":"closed","template":"elementor_header_footer","meta":{"ocean_post_layout":"","ocean_both_sidebars_style":"","ocean_both_sidebars_content_width":0,"ocean_both_sidebars_sidebars_width":0,"ocean_sidebar":"0","ocean_second_sidebar":"0","ocean_disable_margins":"enable","ocean_add_body_class":"","ocean_shortcode_before_top_bar":"","ocean_shortcode_after_top_bar":"","ocean_shortcode_before_header":"","ocean_shortcode_after_header":"","ocean_has_shortcode":"","ocean_shortcode_after_title":"","ocean_shortcode_before_footer_widgets":"","ocean_shortcode_after_footer_widgets":"","ocean_shortcode_before_footer_bottom":"","ocean_shortcode_after_footer_bottom":"","ocean_display_top_bar":"default","ocean_display_header":"default","ocean_header_style":"","ocean_center_header_left_menu":"0","ocean_custom_header_template":"0","ocean_custom_logo":0,"ocean_custom_retina_logo":0,"ocean_custom_logo_max_width":0,"ocean_custom_logo_tablet_max_width":0,"ocean_custom_logo_mobile_max_width":0,"ocean_custom_logo_max_height":0,"ocean_custom_logo_tablet_max_height":0,"ocean_custom_logo_mobile_max_height":0,"ocean_header_custom_menu":"0","ocean_menu_typo_font_family":"0","ocean_menu_typo_font_subset":"","ocean_menu_typo_font_size":0,"ocean_menu_typo_font_size_tablet":0,"ocean_menu_typo_font_size_mobile":0,"ocean_menu_typo_font_size_unit":"px","ocean_menu_typo_font_weight":"","ocean_menu_typo_font_weight_tablet":"","ocean_menu_typo_font_weight_mobile":"","ocean_menu_typo_transform":"","ocean_menu_typo_transform_tablet":"","ocean_menu_typo_transform_mobile":"","ocean_menu_typo_line_height":0,"ocean_menu_typo_line_height_tablet":0,"ocean_menu_typo_line_height_mobile":0,"ocean_menu_typo_line_height_unit":"","ocean_menu_typo_spacing":0,"ocean_menu_typo_spacing_tablet":0,"ocean_menu_typo_spacing_mobile":0,"ocean_menu_typo_spacing_unit":"","ocean_menu_link_color":"","ocean_menu_link_color_hover":"","ocean_menu_link_color_active":"","ocean_menu_link_background":"","ocean_menu_link_hover_background":"","ocean_menu_link_active_background":"","ocean_menu_social_links_bg":"","ocean_menu_social_hover_links_bg":"","ocean_menu_social_links_color":"","ocean_menu_social_hover_links_color":"","ocean_disable_title":"default","ocean_disable_heading":"default","ocean_post_title":"","ocean_post_subheading":"","ocean_post_title_style":"","ocean_post_title_background_color":"","ocean_post_title_background":0,"ocean_post_title_bg_image_position":"","ocean_post_title_bg_image_attachment":"","ocean_post_title_bg_image_repeat":"","ocean_post_title_bg_image_size":"","ocean_post_title_height":0,"ocean_post_title_bg_overlay":0.5,"ocean_post_title_bg_overlay_color":"","ocean_disable_breadcrumbs":"default","ocean_breadcrumbs_color":"","ocean_breadcrumbs_separator_color":"","ocean_breadcrumbs_links_color":"","ocean_breadcrumbs_links_hover_color":"","ocean_display_footer_widgets":"default","ocean_display_footer_bottom":"default","ocean_custom_footer_template":"0","omw_enable_modal_window":"enable","footnotes":""},"class_list":["post-4179","page","type-page","status-publish","hentry","entry"],"yoast_head":"<!-- This site is optimized with the Yoast SEO plugin v27.4 - https:\/\/yoast.com\/product\/yoast-seo-wordpress\/ -->\n<title>Mapa web - SanSilvania<\/title>\n<meta name=\"description\" content=\"Mapa web de Sansilvania, agencia de producciones dedicada a la m\u00fasica en vivo, artes esc\u00e9nicas, calidad art\u00edstica y la gesti\u00f3n cultural.\" \/>\n<meta name=\"robots\" content=\"index, follow, max-snippet:-1, max-image-preview:large, max-video-preview:-1\" \/>\n<link rel=\"canonical\" href=\"https:\/\/sansilvania.com\/en\/mapa-web\/\" \/>\n<meta property=\"og:locale\" content=\"en_GB\" \/>\n<meta property=\"og:type\" content=\"article\" \/>\n<meta property=\"og:title\" content=\"Mapa web - SanSilvania\" \/>\n<meta property=\"og:description\" content=\"Mapa web de Sansilvania, agencia de producciones dedicada a la m\u00fasica en vivo, artes esc\u00e9nicas, calidad art\u00edstica y la gesti\u00f3n cultural.\" \/>\n<meta property=\"og:url\" content=\"https:\/\/sansilvania.com\/en\/mapa-web\/\" \/>\n<meta property=\"og:site_name\" content=\"SanSilvania\" \/>\n<meta property=\"article:modified_time\" content=\"2023-12-27T06:04:46+00:00\" \/>\n<meta name=\"twitter:card\" content=\"summary_large_image\" \/>\n<meta name=\"twitter:label1\" content=\"Est. reading time\" \/>\n\t<meta name=\"twitter:data1\" content=\"1 minute\" \/>\n<script type=\"application\/ld+json\" class=\"yoast-schema-graph\">{\"@context\":\"https:\\\/\\\/schema.org\",\"@graph\":[{\"@type\":\"WebPage\",\"@id\":\"https:\\\/\\\/sansilvania.com\\\/mapa-web\\\/\",\"url\":\"https:\\\/\\\/sansilvania.com\\\/mapa-web\\\/\",\"name\":\"Mapa web - SanSilvania\",\"isPartOf\":{\"@id\":\"https:\\\/\\\/sansilvania.com\\\/#website\"},\"datePublished\":\"2023-12-20T08:02:34+00:00\",\"dateModified\":\"2023-12-27T06:04:46+00:00\",\"description\":\"Mapa web de Sansilvania, agencia de producciones dedicada a la m\u00fasica en vivo, artes esc\u00e9nicas, calidad art\u00edstica y la gesti\u00f3n cultural.\",\"breadcrumb\":{\"@id\":\"https:\\\/\\\/sansilvania.com\\\/mapa-web\\\/#breadcrumb\"},\"inLanguage\":\"en-GB\",\"potentialAction\":[{\"@type\":\"ReadAction\",\"target\":[\"https:\\\/\\\/sansilvania.com\\\/mapa-web\\\/\"]}]},{\"@type\":\"BreadcrumbList\",\"@id\":\"https:\\\/\\\/sansilvania.com\\\/mapa-web\\\/#breadcrumb\",\"itemListElement\":[{\"@type\":\"ListItem\",\"position\":1,\"name\":\"Portada\",\"item\":\"https:\\\/\\\/sansilvania.com\\\/\"},{\"@type\":\"ListItem\",\"position\":2,\"name\":\"Mapa web\"}]},{\"@type\":\"WebSite\",\"@id\":\"https:\\\/\\\/sansilvania.com\\\/#website\",\"url\":\"https:\\\/\\\/sansilvania.com\\\/\",\"name\":\"SanSilvania\",\"description\":\"Distrito Musical\",\"publisher\":{\"@id\":\"https:\\\/\\\/sansilvania.com\\\/#organization\"},\"potentialAction\":[{\"@type\":\"SearchAction\",\"target\":{\"@type\":\"EntryPoint\",\"urlTemplate\":\"https:\\\/\\\/sansilvania.com\\\/?s={search_term_string}\"},\"query-input\":{\"@type\":\"PropertyValueSpecification\",\"valueRequired\":true,\"valueName\":\"search_term_string\"}}],\"inLanguage\":\"en-GB\"},{\"@type\":\"Organization\",\"@id\":\"https:\\\/\\\/sansilvania.com\\\/#organization\",\"name\":\"SanSilvania\",\"url\":\"https:\\\/\\\/sansilvania.com\\\/\",\"logo\":{\"@type\":\"ImageObject\",\"inLanguage\":\"en-GB\",\"@id\":\"https:\\\/\\\/sansilvania.com\\\/#\\\/schema\\\/logo\\\/image\\\/\",\"url\":\"https:\\\/\\\/sansilvania.com\\\/wp-content\\\/uploads\\\/2023\\\/11\\\/sansilvania_350x122_negativo_G.png\",\"contentUrl\":\"https:\\\/\\\/sansilvania.com\\\/wp-content\\\/uploads\\\/2023\\\/11\\\/sansilvania_350x122_negativo_G.png\",\"width\":632,\"height\":194,\"caption\":\"SanSilvania\"},\"image\":{\"@id\":\"https:\\\/\\\/sansilvania.com\\\/#\\\/schema\\\/logo\\\/image\\\/\"}}]}<\/script>\n<!-- \/ Yoast SEO plugin. -->","yoast_head_json":{"title":"Site map - SanSilvania","description":"Sansilvania website map, a production agency dedicated to live music, performing arts, artistic quality and cultural management.","robots":{"index":"index","follow":"follow","max-snippet":"max-snippet:-1","max-image-preview":"max-image-preview:large","max-video-preview":"max-video-preview:-1"},"canonical":"https:\/\/sansilvania.com\/en\/mapa-web\/","og_locale":"en_GB","og_type":"article","og_title":"Mapa web - SanSilvania","og_description":"Mapa web de Sansilvania, agencia de producciones dedicada a la m\u00fasica en vivo, artes esc\u00e9nicas, calidad art\u00edstica y la gesti\u00f3n cultural.","og_url":"https:\/\/sansilvania.com\/en\/mapa-web\/","og_site_name":"SanSilvania","article_modified_time":"2023-12-27T06:04:46+00:00","twitter_card":"summary_large_image","twitter_misc":{"Est. reading time":"1 minute"},"schema":{"@context":"https:\/\/schema.org","@graph":[{"@type":"WebPage","@id":"https:\/\/sansilvania.com\/mapa-web\/","url":"https:\/\/sansilvania.com\/mapa-web\/","name":"Site map - SanSilvania","isPartOf":{"@id":"https:\/\/sansilvania.com\/#website"},"datePublished":"2023-12-20T08:02:34+00:00","dateModified":"2023-12-27T06:04:46+00:00","description":"Sansilvania website map, a production agency dedicated to live music, performing arts, artistic quality and cultural management.","breadcrumb":{"@id":"https:\/\/sansilvania.com\/mapa-web\/#breadcrumb"},"inLanguage":"en-GB","potentialAction":[{"@type":"ReadAction","target":["https:\/\/sansilvania.com\/mapa-web\/"]}]},{"@type":"BreadcrumbList","@id":"https:\/\/sansilvania.com\/mapa-web\/#breadcrumb","itemListElement":[{"@type":"ListItem","position":1,"name":"Portada","item":"https:\/\/sansilvania.com\/"},{"@type":"ListItem","position":2,"name":"Mapa web"}]},{"@type":"WebSite","@id":"https:\/\/sansilvania.com\/#website","url":"https:\/\/sansilvania.com\/","name":"SanSilvania","description":"Music District","publisher":{"@id":"https:\/\/sansilvania.com\/#organization"},"potentialAction":[{"@type":"SearchAction","target":{"@type":"EntryPoint","urlTemplate":"https:\/\/sansilvania.com\/?s={search_term_string}"},"query-input":{"@type":"PropertyValueSpecification","valueRequired":true,"valueName":"search_term_string"}}],"inLanguage":"en-GB"},{"@type":"Organization","@id":"https:\/\/sansilvania.com\/#organization","name":"SanSilvania","url":"https:\/\/sansilvania.com\/","logo":{"@type":"ImageObject","inLanguage":"en-GB","@id":"https:\/\/sansilvania.com\/#\/schema\/logo\/image\/","url":"https:\/\/sansilvania.com\/wp-content\/uploads\/2023\/11\/sansilvania_350x122_negativo_G.png","contentUrl":"https:\/\/sansilvania.com\/wp-content\/uploads\/2023\/11\/sansilvania_350x122_negativo_G.png","width":632,"height":194,"caption":"SanSilvania"},"image":{"@id":"https:\/\/sansilvania.com\/#\/schema\/logo\/image\/"}}]}},"_links":{"self":[{"href":"https:\/\/sansilvania.com\/en\/wp-json\/wp\/v2\/pages\/4179","targetHints":{"allow":["GET"]}}],"collection":[{"href":"https:\/\/sansilvania.com\/en\/wp-json\/wp\/v2\/pages"}],"about":[{"href":"https:\/\/sansilvania.com\/en\/wp-json\/wp\/v2\/types\/page"}],"author":[{"embeddable":true,"href":"https:\/\/sansilvania.com\/en\/wp-json\/wp\/v2\/users\/1"}],"replies":[{"embeddable":true,"href":"https:\/\/sansilvania.com\/en\/wp-json\/wp\/v2\/comments?post=4179"}],"version-history":[{"count":5,"href":"https:\/\/sansilvania.com\/en\/wp-json\/wp\/v2\/pages\/4179\/revisions"}],"predecessor-version":[{"id":4713,"href":"https:\/\/sansilvania.com\/en\/wp-json\/wp\/v2\/pages\/4179\/revisions\/4713"}],"wp:attachment":[{"href":"https:\/\/sansilvania.com\/en\/wp-json\/wp\/v2\/media?parent=4179"}],"curies":[{"name":"wp","href":"https:\/\/api.w.org\/{rel}","templated":true}]}}